{"id":31572,"date":"2025-08-06T10:55:21","date_gmt":"2025-08-06T08:55:21","guid":{"rendered":"https:\/\/natrue.org\/31564-2\/"},"modified":"2025-08-25T14:00:10","modified_gmt":"2025-08-25T12:00:10","slug":"contact","status":"publish","type":"page","link":"https:\/\/natrue.org\/de\/contact\/","title":{"rendered":"Kontaktieren Sie uns"},"content":{"rendered":"","protected":false},"excerpt":{"rendered":"","protected":false},"author":1,"featured_media":0,"parent":0,"menu_order":0,"comment_status":"closed","ping_status":"closed","template":"","meta":{"_acf_changed":false,"inline_featured_image":false,"footnotes":""},"class_list":["post-31572","page","type-page","status-publish","hentry"],"acf":[],"yoast_head":"<!-- This site is optimized with the Yoast SEO plugin v21.9.1 - https:\/\/yoast.com\/wordpress\/plugins\/seo\/ -->\n<title>Kontaktieren Sie NATRUE \u2013 Ihre nat\u00fcrliche Unterst\u00fctzung &amp; Hilfe<\/title>\n<meta name=\"description\" content=\"Kontaktieren Sie NATRUE f\u00fcr Fragen zu unserem Verein, unseren Aktivit\u00e4ten oder dem NATRUE-Label. Ihre nat\u00fcrliche Unterst\u00fctzung ist hier, um zu helfen.\" \/>\n<meta name=\"robots\" content=\"index, follow, max-snippet:-1, max-image-preview:large, max-video-preview:-1\" \/>\n<link rel=\"canonical\" href=\"https:\/\/natrue.org\/de\/contact\/\" \/>\n<meta property=\"og:locale\" content=\"de_DE\" \/>\n<meta property=\"og:type\" content=\"article\" \/>\n<meta property=\"og:title\" content=\"Kontaktieren Sie NATRUE \u2013 Ihre nat\u00fcrliche Unterst\u00fctzung &amp; Hilfe\" \/>\n<meta property=\"og:description\" content=\"Kontaktieren Sie NATRUE f\u00fcr Fragen zu unserem Verein, unseren Aktivit\u00e4ten oder dem NATRUE-Label. Ihre nat\u00fcrliche Unterst\u00fctzung ist hier, um zu helfen.\" \/>\n<meta property=\"og:url\" content=\"https:\/\/natrue.org\/de\/contact\/\" \/>\n<meta property=\"og:site_name\" content=\"NATRUE\" \/>\n<meta property=\"article:modified_time\" content=\"2025-08-25T12:00:10+00:00\" \/>\n<meta name=\"twitter:card\" content=\"summary_large_image\" \/>\n<script type=\"application\/ld+json\" class=\"yoast-schema-graph\">{\"@context\":\"https:\/\/schema.org\",\"@graph\":[{\"@type\":\"WebPage\",\"@id\":\"https:\/\/natrue.org\/de\/contact\/\",\"url\":\"https:\/\/natrue.org\/de\/contact\/\",\"name\":\"Kontaktieren Sie NATRUE \u2013 Ihre nat\u00fcrliche Unterst\u00fctzung & Hilfe\",\"isPartOf\":{\"@id\":\"https:\/\/natrue.org\/de\/#website\"},\"datePublished\":\"2025-08-06T08:55:21+00:00\",\"dateModified\":\"2025-08-25T12:00:10+00:00\",\"description\":\"Kontaktieren Sie NATRUE f\u00fcr Fragen zu unserem Verein, unseren Aktivit\u00e4ten oder dem NATRUE-Label. Ihre nat\u00fcrliche Unterst\u00fctzung ist hier, um zu helfen.\",\"breadcrumb\":{\"@id\":\"https:\/\/natrue.org\/de\/contact\/#breadcrumb\"},\"inLanguage\":\"de-DE\",\"potentialAction\":[{\"@type\":\"ReadAction\",\"target\":[\"https:\/\/natrue.org\/de\/contact\/\"]}]},{\"@type\":\"BreadcrumbList\",\"@id\":\"https:\/\/natrue.org\/de\/contact\/#breadcrumb\",\"itemListElement\":[{\"@type\":\"ListItem\",\"position\":1,\"name\":\"Home\",\"item\":\"https:\/\/natrue.org\/de\/\"},{\"@type\":\"ListItem\",\"position\":2,\"name\":\"Kontaktieren Sie uns\"}]},{\"@type\":\"WebSite\",\"@id\":\"https:\/\/natrue.org\/de\/#website\",\"url\":\"https:\/\/natrue.org\/de\/\",\"name\":\"NATRUE\",\"description\":\"Natural and Organic Cosmetics\",\"potentialAction\":[{\"@type\":\"SearchAction\",\"target\":{\"@type\":\"EntryPoint\",\"urlTemplate\":\"https:\/\/natrue.org\/de\/?s={search_term_string}\"},\"query-input\":\"required name=search_term_string\"}],\"inLanguage\":\"de-DE\"}]}<\/script>\n<!-- \/ Yoast SEO plugin. -->","yoast_head_json":{"title":"Kontaktieren Sie NATRUE \u2013 Ihre nat\u00fcrliche Unterst\u00fctzung & Hilfe","description":"Kontaktieren Sie NATRUE f\u00fcr Fragen zu unserem Verein, unseren Aktivit\u00e4ten oder dem NATRUE-Label. Ihre nat\u00fcrliche Unterst\u00fctzung ist hier, um zu helfen.","robots":{"index":"index","follow":"follow","max-snippet":"max-snippet:-1","max-image-preview":"max-image-preview:large","max-video-preview":"max-video-preview:-1"},"canonical":"https:\/\/natrue.org\/de\/contact\/","og_locale":"de_DE","og_type":"article","og_title":"Kontaktieren Sie NATRUE \u2013 Ihre nat\u00fcrliche Unterst\u00fctzung & Hilfe","og_description":"Kontaktieren Sie NATRUE f\u00fcr Fragen zu unserem Verein, unseren Aktivit\u00e4ten oder dem NATRUE-Label. Ihre nat\u00fcrliche Unterst\u00fctzung ist hier, um zu helfen.","og_url":"https:\/\/natrue.org\/de\/contact\/","og_site_name":"NATRUE","article_modified_time":"2025-08-25T12:00:10+00:00","twitter_card":"summary_large_image","schema":{"@context":"https:\/\/schema.org","@graph":[{"@type":"WebPage","@id":"https:\/\/natrue.org\/de\/contact\/","url":"https:\/\/natrue.org\/de\/contact\/","name":"Kontaktieren Sie NATRUE \u2013 Ihre nat\u00fcrliche Unterst\u00fctzung & Hilfe","isPartOf":{"@id":"https:\/\/natrue.org\/de\/#website"},"datePublished":"2025-08-06T08:55:21+00:00","dateModified":"2025-08-25T12:00:10+00:00","description":"Kontaktieren Sie NATRUE f\u00fcr Fragen zu unserem Verein, unseren Aktivit\u00e4ten oder dem NATRUE-Label. Ihre nat\u00fcrliche Unterst\u00fctzung ist hier, um zu helfen.","breadcrumb":{"@id":"https:\/\/natrue.org\/de\/contact\/#breadcrumb"},"inLanguage":"de-DE","potentialAction":[{"@type":"ReadAction","target":["https:\/\/natrue.org\/de\/contact\/"]}]},{"@type":"BreadcrumbList","@id":"https:\/\/natrue.org\/de\/contact\/#breadcrumb","itemListElement":[{"@type":"ListItem","position":1,"name":"Home","item":"https:\/\/natrue.org\/de\/"},{"@type":"ListItem","position":2,"name":"Kontaktieren Sie uns"}]},{"@type":"WebSite","@id":"https:\/\/natrue.org\/de\/#website","url":"https:\/\/natrue.org\/de\/","name":"NATRUE","description":"Natural and Organic Cosmetics","potentialAction":[{"@type":"SearchAction","target":{"@type":"EntryPoint","urlTemplate":"https:\/\/natrue.org\/de\/?s={search_term_string}"},"query-input":"required name=search_term_string"}],"inLanguage":"de-DE"}]}},"_links":{"self":[{"href":"https:\/\/natrue.org\/de\/wp-json\/wp\/v2\/pages\/31572","targetHints":{"allow":["GET"]}}],"collection":[{"href":"https:\/\/natrue.org\/de\/wp-json\/wp\/v2\/pages"}],"about":[{"href":"https:\/\/natrue.org\/de\/wp-json\/wp\/v2\/types\/page"}],"author":[{"embeddable":true,"href":"https:\/\/natrue.org\/de\/wp-json\/wp\/v2\/users\/1"}],"replies":[{"embeddable":true,"href":"https:\/\/natrue.org\/de\/wp-json\/wp\/v2\/comments?post=31572"}],"version-history":[{"count":2,"href":"https:\/\/natrue.org\/de\/wp-json\/wp\/v2\/pages\/31572\/revisions"}],"predecessor-version":[{"id":31937,"href":"https:\/\/natrue.org\/de\/wp-json\/wp\/v2\/pages\/31572\/revisions\/31937"}],"wp:attachment":[{"href":"https:\/\/natrue.org\/de\/wp-json\/wp\/v2\/media?parent=31572"}],"curies":[{"name":"wp","href":"https:\/\/api.w.org\/{rel}","templated":true}]}}