{"id":35195,"date":"2026-03-20T15:49:21","date_gmt":"2026-03-20T14:49:21","guid":{"rendered":"https:\/\/natrue.org\/events\/"},"modified":"2026-03-24T12:02:23","modified_gmt":"2026-03-24T11:02:23","slug":"events","status":"publish","type":"page","link":"https:\/\/natrue.org\/de\/events\/","title":{"rendered":"Events"},"content":{"rendered":"<p style=\"text-align: justify;\">Entdecken Sie unsere wichtigsten Veranstaltungen und Initiativen im Bereich der Natur- und Biokosmetik. Mit der<strong> Natural Cosmetics Week (NCW)<\/strong> und dem <strong>Natural Cosmetics Industry Forum (NCIF)<\/strong> bringt NATRUE Marken, Expertinnen und Experten, Verbraucher, Medien sowie alle relevanten Akteure zusammen, um das Bewusstsein zu st\u00e4rken, Wissen auszutauschen und die Zukunft nachhaltiger Sch\u00f6nheit aktiv mitzugestalten. Erfahren Sie mehr \u00fcber die einzelnen Veranstaltungen und werden Sie Teil davon.<\/p>\n","protected":false},"excerpt":{"rendered":"<p>Entdecken Sie unsere wichtigsten Veranstaltungen und Initiativen im Bereich der Natur- und Biokosmetik. Mit der Natural Cosmetics Week (NCW) und dem Natural Cosmetics Industry Forum (NCIF) bringt NATRUE Marken, Expertinnen und Experten, Verbraucher, Medien sowie alle relevanten Akteure zusammen, um das Bewusstsein zu st\u00e4rken, Wissen auszutauschen und die Zukunft nachhaltiger Sch\u00f6nheit aktiv mitzugestalten. Erfahren Sie mehr \u00fcber die einzelnen Veranstaltungen und werden Sie Teil davon.<\/p>\n","protected":false},"author":2,"featured_media":34836,"parent":0,"menu_order":0,"comment_status":"closed","ping_status":"closed","template":"controllers\/template-parent.php","meta":{"_acf_changed":false,"inline_featured_image":false,"footnotes":""},"class_list":["post-35195","page","type-page","status-publish","has-post-thumbnail","hentry"],"acf":[],"yoast_head":"<!-- This site is optimized with the Yoast SEO plugin v21.9.1 - https:\/\/yoast.com\/wordpress\/plugins\/seo\/ -->\n<title>Events | NATRUE<\/title>\n<meta name=\"description\" content=\"Explore NATRUE\u2019s natural cosmetics events, including Natural Cosmetics Week (NCW) and the Natural Cosmetics Industry Forum (NCIF). Open to brands, consumers, media, and all stakeholders shaping sustainable beauty.\" \/>\n<meta name=\"robots\" content=\"index, follow, max-snippet:-1, max-image-preview:large, max-video-preview:-1\" \/>\n<link rel=\"canonical\" href=\"https:\/\/natrue.org\/de\/events\/\" \/>\n<meta property=\"og:locale\" content=\"de_DE\" \/>\n<meta property=\"og:type\" content=\"article\" \/>\n<meta property=\"og:title\" content=\"Events | NATRUE\" \/>\n<meta property=\"og:description\" content=\"Explore NATRUE\u2019s natural cosmetics events, including Natural Cosmetics Week (NCW) and the Natural Cosmetics Industry Forum (NCIF). Open to brands, consumers, media, and all stakeholders shaping sustainable beauty.\" \/>\n<meta property=\"og:url\" content=\"https:\/\/natrue.org\/de\/events\/\" \/>\n<meta property=\"og:site_name\" content=\"NATRUE\" \/>\n<meta property=\"article:modified_time\" content=\"2026-03-24T11:02:23+00:00\" \/>\n<meta property=\"og:image\" content=\"https:\/\/natrue.org\/uploads\/2026\/03\/pexels-kpaukshtite-1591142-683x1024.jpg\" \/>\n\t<meta property=\"og:image:width\" content=\"683\" \/>\n\t<meta property=\"og:image:height\" content=\"1024\" \/>\n\t<meta property=\"og:image:type\" content=\"image\/jpeg\" \/>\n<meta name=\"twitter:card\" content=\"summary_large_image\" \/>\n<meta name=\"twitter:label1\" content=\"Est. reading time\" \/>\n\t<meta name=\"twitter:data1\" content=\"1 minute\" \/>\n<script type=\"application\/ld+json\" class=\"yoast-schema-graph\">{\"@context\":\"https:\/\/schema.org\",\"@graph\":[{\"@type\":\"WebPage\",\"@id\":\"https:\/\/natrue.org\/de\/events\/\",\"url\":\"https:\/\/natrue.org\/de\/events\/\",\"name\":\"Events | NATRUE\",\"isPartOf\":{\"@id\":\"https:\/\/natrue.org\/de\/#website\"},\"datePublished\":\"2026-03-20T14:49:21+00:00\",\"dateModified\":\"2026-03-24T11:02:23+00:00\",\"description\":\"Explore NATRUE\u2019s natural cosmetics events, including Natural Cosmetics Week (NCW) and the Natural Cosmetics Industry Forum (NCIF). Open to brands, consumers, media, and all stakeholders shaping sustainable beauty.\",\"breadcrumb\":{\"@id\":\"https:\/\/natrue.org\/de\/events\/#breadcrumb\"},\"inLanguage\":\"de-DE\",\"potentialAction\":[{\"@type\":\"ReadAction\",\"target\":[\"https:\/\/natrue.org\/de\/events\/\"]}]},{\"@type\":\"BreadcrumbList\",\"@id\":\"https:\/\/natrue.org\/de\/events\/#breadcrumb\",\"itemListElement\":[{\"@type\":\"ListItem\",\"position\":1,\"name\":\"Home\",\"item\":\"https:\/\/natrue.org\/de\/\"},{\"@type\":\"ListItem\",\"position\":2,\"name\":\"Events\"}]},{\"@type\":\"WebSite\",\"@id\":\"https:\/\/natrue.org\/de\/#website\",\"url\":\"https:\/\/natrue.org\/de\/\",\"name\":\"NATRUE\",\"description\":\"Natural and Organic Cosmetics\",\"potentialAction\":[{\"@type\":\"SearchAction\",\"target\":{\"@type\":\"EntryPoint\",\"urlTemplate\":\"https:\/\/natrue.org\/de\/?s={search_term_string}\"},\"query-input\":\"required name=search_term_string\"}],\"inLanguage\":\"de-DE\"}]}<\/script>\n<!-- \/ Yoast SEO plugin. -->","yoast_head_json":{"title":"Events | NATRUE","description":"Explore NATRUE\u2019s natural cosmetics events, including Natural Cosmetics Week (NCW) and the Natural Cosmetics Industry Forum (NCIF). Open to brands, consumers, media, and all stakeholders shaping sustainable beauty.","robots":{"index":"index","follow":"follow","max-snippet":"max-snippet:-1","max-image-preview":"max-image-preview:large","max-video-preview":"max-video-preview:-1"},"canonical":"https:\/\/natrue.org\/de\/events\/","og_locale":"de_DE","og_type":"article","og_title":"Events | NATRUE","og_description":"Explore NATRUE\u2019s natural cosmetics events, including Natural Cosmetics Week (NCW) and the Natural Cosmetics Industry Forum (NCIF). Open to brands, consumers, media, and all stakeholders shaping sustainable beauty.","og_url":"https:\/\/natrue.org\/de\/events\/","og_site_name":"NATRUE","article_modified_time":"2026-03-24T11:02:23+00:00","og_image":[{"width":683,"height":1024,"url":"https:\/\/natrue.org\/uploads\/2026\/03\/pexels-kpaukshtite-1591142-683x1024.jpg","type":"image\/jpeg"}],"twitter_card":"summary_large_image","twitter_misc":{"Est. reading time":"1 minute"},"schema":{"@context":"https:\/\/schema.org","@graph":[{"@type":"WebPage","@id":"https:\/\/natrue.org\/de\/events\/","url":"https:\/\/natrue.org\/de\/events\/","name":"Events | NATRUE","isPartOf":{"@id":"https:\/\/natrue.org\/de\/#website"},"datePublished":"2026-03-20T14:49:21+00:00","dateModified":"2026-03-24T11:02:23+00:00","description":"Explore NATRUE\u2019s natural cosmetics events, including Natural Cosmetics Week (NCW) and the Natural Cosmetics Industry Forum (NCIF). Open to brands, consumers, media, and all stakeholders shaping sustainable beauty.","breadcrumb":{"@id":"https:\/\/natrue.org\/de\/events\/#breadcrumb"},"inLanguage":"de-DE","potentialAction":[{"@type":"ReadAction","target":["https:\/\/natrue.org\/de\/events\/"]}]},{"@type":"BreadcrumbList","@id":"https:\/\/natrue.org\/de\/events\/#breadcrumb","itemListElement":[{"@type":"ListItem","position":1,"name":"Home","item":"https:\/\/natrue.org\/de\/"},{"@type":"ListItem","position":2,"name":"Events"}]},{"@type":"WebSite","@id":"https:\/\/natrue.org\/de\/#website","url":"https:\/\/natrue.org\/de\/","name":"NATRUE","description":"Natural and Organic Cosmetics","potentialAction":[{"@type":"SearchAction","target":{"@type":"EntryPoint","urlTemplate":"https:\/\/natrue.org\/de\/?s={search_term_string}"},"query-input":"required name=search_term_string"}],"inLanguage":"de-DE"}]}},"_links":{"self":[{"href":"https:\/\/natrue.org\/de\/wp-json\/wp\/v2\/pages\/35195","targetHints":{"allow":["GET"]}}],"collection":[{"href":"https:\/\/natrue.org\/de\/wp-json\/wp\/v2\/pages"}],"about":[{"href":"https:\/\/natrue.org\/de\/wp-json\/wp\/v2\/types\/page"}],"author":[{"embeddable":true,"href":"https:\/\/natrue.org\/de\/wp-json\/wp\/v2\/users\/2"}],"replies":[{"embeddable":true,"href":"https:\/\/natrue.org\/de\/wp-json\/wp\/v2\/comments?post=35195"}],"version-history":[{"count":2,"href":"https:\/\/natrue.org\/de\/wp-json\/wp\/v2\/pages\/35195\/revisions"}],"predecessor-version":[{"id":35212,"href":"https:\/\/natrue.org\/de\/wp-json\/wp\/v2\/pages\/35195\/revisions\/35212"}],"wp:featuredmedia":[{"embeddable":true,"href":"https:\/\/natrue.org\/de\/wp-json\/wp\/v2\/media\/34836"}],"wp:attachment":[{"href":"https:\/\/natrue.org\/de\/wp-json\/wp\/v2\/media?parent=35195"}],"curies":[{"name":"wp","href":"https:\/\/api.w.org\/{rel}","templated":true}]}}