{"id":1993,"date":"2019-01-25T14:33:37","date_gmt":"2019-01-25T14:33:37","guid":{"rendered":"http:\/\/natrue.website.starringjane.com\/home\/promotion\/"},"modified":"2025-09-03T22:19:31","modified_gmt":"2025-09-03T20:19:31","slug":"como-trabajamos","status":"publish","type":"page","link":"https:\/\/natrue.org\/es\/advocacy-and-research\/como-trabajamos\/","title":{"rendered":"C\u00f3mo trabajamos &#8211; Advocacy"},"content":{"rendered":"","protected":false},"excerpt":{"rendered":"","protected":false},"author":1,"featured_media":32257,"parent":2289,"menu_order":1,"comment_status":"closed","ping_status":"closed","template":"","meta":{"_acf_changed":false,"inline_featured_image":false,"footnotes":""},"class_list":["post-1993","page","type-page","status-publish","has-post-thumbnail","hentry"],"acf":[],"yoast_head":"<!-- This site is optimized with the Yoast SEO plugin v21.9.1 - https:\/\/yoast.com\/wordpress\/plugins\/seo\/ -->\n<title>C\u00f3mo trabajamos - Advocacy | NATRUE<\/title>\n<meta name=\"description\" content=\"Descubre c\u00f3mo NATRUE trabaja en incidencia e investigaci\u00f3n para promover y proteger la cosm\u00e9tica verdaderamente natural y org\u00e1nica.\" \/>\n<meta name=\"robots\" content=\"index, follow, max-snippet:-1, max-image-preview:large, max-video-preview:-1\" \/>\n<link rel=\"canonical\" href=\"https:\/\/natrue.org\/es\/advocacy-and-research\/como-trabajamos\/\" \/>\n<meta property=\"og:locale\" content=\"es_ES\" \/>\n<meta property=\"og:type\" content=\"article\" \/>\n<meta property=\"og:title\" content=\"C\u00f3mo trabajamos - Advocacy | NATRUE\" \/>\n<meta property=\"og:description\" content=\"Descubre c\u00f3mo NATRUE trabaja en incidencia e investigaci\u00f3n para promover y proteger la cosm\u00e9tica verdaderamente natural y org\u00e1nica.\" \/>\n<meta property=\"og:url\" content=\"https:\/\/natrue.org\/es\/advocacy-and-research\/como-trabajamos\/\" \/>\n<meta property=\"og:site_name\" content=\"NATRUE\" \/>\n<meta property=\"article:modified_time\" content=\"2025-09-03T20:19:31+00:00\" \/>\n<meta property=\"og:image\" content=\"https:\/\/natrue.org\/uploads\/2025\/09\/pexels-eva-bronzini-6585385-scaled.jpg\" \/>\n\t<meta property=\"og:image:width\" content=\"1440\" \/>\n\t<meta property=\"og:image:height\" content=\"2560\" \/>\n\t<meta property=\"og:image:type\" content=\"image\/jpeg\" \/>\n<meta name=\"twitter:card\" content=\"summary_large_image\" \/>\n<meta name=\"twitter:label1\" content=\"Est. reading time\" \/>\n\t<meta name=\"twitter:data1\" content=\"1 minute\" \/>\n<script type=\"application\/ld+json\" class=\"yoast-schema-graph\">{\"@context\":\"https:\/\/schema.org\",\"@graph\":[{\"@type\":\"WebPage\",\"@id\":\"https:\/\/natrue.org\/es\/advocacy-and-research\/como-trabajamos\/\",\"url\":\"https:\/\/natrue.org\/es\/advocacy-and-research\/como-trabajamos\/\",\"name\":\"C\u00f3mo trabajamos - Advocacy | NATRUE\",\"isPartOf\":{\"@id\":\"https:\/\/natrue.org\/es\/#website\"},\"datePublished\":\"2019-01-25T14:33:37+00:00\",\"dateModified\":\"2025-09-03T20:19:31+00:00\",\"description\":\"Descubre c\u00f3mo NATRUE trabaja en incidencia e investigaci\u00f3n para promover y proteger la cosm\u00e9tica verdaderamente natural y org\u00e1nica.\",\"breadcrumb\":{\"@id\":\"https:\/\/natrue.org\/es\/advocacy-and-research\/como-trabajamos\/#breadcrumb\"},\"inLanguage\":\"es-ES\",\"potentialAction\":[{\"@type\":\"ReadAction\",\"target\":[\"https:\/\/natrue.org\/es\/advocacy-and-research\/como-trabajamos\/\"]}]},{\"@type\":\"BreadcrumbList\",\"@id\":\"https:\/\/natrue.org\/es\/advocacy-and-research\/como-trabajamos\/#breadcrumb\",\"itemListElement\":[{\"@type\":\"ListItem\",\"position\":1,\"name\":\"Home\",\"item\":\"https:\/\/natrue.org\/es\/\"},{\"@type\":\"ListItem\",\"position\":2,\"name\":\"Advocacy e Investigaci\u00f3n\",\"item\":\"https:\/\/natrue.org\/es\/advocacy-and-research\/\"},{\"@type\":\"ListItem\",\"position\":3,\"name\":\"C\u00f3mo trabajamos &#8211; Advocacy\"}]},{\"@type\":\"WebSite\",\"@id\":\"https:\/\/natrue.org\/es\/#website\",\"url\":\"https:\/\/natrue.org\/es\/\",\"name\":\"NATRUE\",\"description\":\"Natural and Organic Cosmetics\",\"potentialAction\":[{\"@type\":\"SearchAction\",\"target\":{\"@type\":\"EntryPoint\",\"urlTemplate\":\"https:\/\/natrue.org\/es\/?s={search_term_string}\"},\"query-input\":\"required name=search_term_string\"}],\"inLanguage\":\"es-ES\"}]}<\/script>\n<!-- \/ Yoast SEO plugin. -->","yoast_head_json":{"title":"C\u00f3mo trabajamos - Advocacy | NATRUE","description":"Descubre c\u00f3mo NATRUE trabaja en incidencia e investigaci\u00f3n para promover y proteger la cosm\u00e9tica verdaderamente natural y org\u00e1nica.","robots":{"index":"index","follow":"follow","max-snippet":"max-snippet:-1","max-image-preview":"max-image-preview:large","max-video-preview":"max-video-preview:-1"},"canonical":"https:\/\/natrue.org\/es\/advocacy-and-research\/como-trabajamos\/","og_locale":"es_ES","og_type":"article","og_title":"C\u00f3mo trabajamos - Advocacy | NATRUE","og_description":"Descubre c\u00f3mo NATRUE trabaja en incidencia e investigaci\u00f3n para promover y proteger la cosm\u00e9tica verdaderamente natural y org\u00e1nica.","og_url":"https:\/\/natrue.org\/es\/advocacy-and-research\/como-trabajamos\/","og_site_name":"NATRUE","article_modified_time":"2025-09-03T20:19:31+00:00","og_image":[{"width":1440,"height":2560,"url":"https:\/\/natrue.org\/uploads\/2025\/09\/pexels-eva-bronzini-6585385-scaled.jpg","type":"image\/jpeg"}],"twitter_card":"summary_large_image","twitter_misc":{"Est. reading time":"1 minute"},"schema":{"@context":"https:\/\/schema.org","@graph":[{"@type":"WebPage","@id":"https:\/\/natrue.org\/es\/advocacy-and-research\/como-trabajamos\/","url":"https:\/\/natrue.org\/es\/advocacy-and-research\/como-trabajamos\/","name":"C\u00f3mo trabajamos - Advocacy | NATRUE","isPartOf":{"@id":"https:\/\/natrue.org\/es\/#website"},"datePublished":"2019-01-25T14:33:37+00:00","dateModified":"2025-09-03T20:19:31+00:00","description":"Descubre c\u00f3mo NATRUE trabaja en incidencia e investigaci\u00f3n para promover y proteger la cosm\u00e9tica verdaderamente natural y org\u00e1nica.","breadcrumb":{"@id":"https:\/\/natrue.org\/es\/advocacy-and-research\/como-trabajamos\/#breadcrumb"},"inLanguage":"es-ES","potentialAction":[{"@type":"ReadAction","target":["https:\/\/natrue.org\/es\/advocacy-and-research\/como-trabajamos\/"]}]},{"@type":"BreadcrumbList","@id":"https:\/\/natrue.org\/es\/advocacy-and-research\/como-trabajamos\/#breadcrumb","itemListElement":[{"@type":"ListItem","position":1,"name":"Home","item":"https:\/\/natrue.org\/es\/"},{"@type":"ListItem","position":2,"name":"Advocacy e Investigaci\u00f3n","item":"https:\/\/natrue.org\/es\/advocacy-and-research\/"},{"@type":"ListItem","position":3,"name":"C\u00f3mo trabajamos &#8211; Advocacy"}]},{"@type":"WebSite","@id":"https:\/\/natrue.org\/es\/#website","url":"https:\/\/natrue.org\/es\/","name":"NATRUE","description":"Natural and Organic Cosmetics","potentialAction":[{"@type":"SearchAction","target":{"@type":"EntryPoint","urlTemplate":"https:\/\/natrue.org\/es\/?s={search_term_string}"},"query-input":"required name=search_term_string"}],"inLanguage":"es-ES"}]}},"_links":{"self":[{"href":"https:\/\/natrue.org\/es\/wp-json\/wp\/v2\/pages\/1993","targetHints":{"allow":["GET"]}}],"collection":[{"href":"https:\/\/natrue.org\/es\/wp-json\/wp\/v2\/pages"}],"about":[{"href":"https:\/\/natrue.org\/es\/wp-json\/wp\/v2\/types\/page"}],"author":[{"embeddable":true,"href":"https:\/\/natrue.org\/es\/wp-json\/wp\/v2\/users\/1"}],"replies":[{"embeddable":true,"href":"https:\/\/natrue.org\/es\/wp-json\/wp\/v2\/comments?post=1993"}],"version-history":[{"count":2,"href":"https:\/\/natrue.org\/es\/wp-json\/wp\/v2\/pages\/1993\/revisions"}],"predecessor-version":[{"id":32267,"href":"https:\/\/natrue.org\/es\/wp-json\/wp\/v2\/pages\/1993\/revisions\/32267"}],"up":[{"embeddable":true,"href":"https:\/\/natrue.org\/es\/wp-json\/wp\/v2\/pages\/2289"}],"wp:featuredmedia":[{"embeddable":true,"href":"https:\/\/natrue.org\/es\/wp-json\/wp\/v2\/media\/32257"}],"wp:attachment":[{"href":"https:\/\/natrue.org\/es\/wp-json\/wp\/v2\/media?parent=1993"}],"curies":[{"name":"wp","href":"https:\/\/api.w.org\/{rel}","templated":true}]}}