{"id":31898,"date":"2025-08-25T13:22:39","date_gmt":"2025-08-25T11:22:39","guid":{"rendered":"https:\/\/natrue.org\/media-hub\/"},"modified":"2025-09-03T15:38:02","modified_gmt":"2025-09-03T13:38:02","slug":"media-hub","status":"publish","type":"page","link":"https:\/\/natrue.org\/es\/media-hub\/","title":{"rendered":"Media Hub"},"content":{"rendered":"<p style=\"text-align: justify;\">Bienvenido al <strong>Media Hub de NATRUE<\/strong>.\u00a0Aqu\u00ed encontrar\u00e1s todas las \u00faltimas noticias, contactos de prensa, informes anuales, materiales de comunicaci\u00f3n e informaci\u00f3n sobre la <em>Natural Cosmetics Week<\/em>. Esta p\u00e1gina est\u00e1 dise\u00f1ada para ofrecer a periodistas, socios y cualquier persona interesada un acceso sencillo a nuestros recursos de medios m\u00e1s importantes.<\/p>\n","protected":false},"excerpt":{"rendered":"<p>Bienvenido al Media Hub de NATRUE.\u00a0Aqu\u00ed encontrar\u00e1s todas las \u00faltimas noticias, contactos de prensa, informes anuales, materiales de comunicaci\u00f3n e informaci\u00f3n sobre la Natural Cosmetics Week. Esta p\u00e1gina est\u00e1 dise\u00f1ada para ofrecer a periodistas, socios y cualquier persona interesada un acceso sencillo a nuestros recursos de medios m\u00e1s importantes.<\/p>\n","protected":false},"author":2,"featured_media":0,"parent":0,"menu_order":0,"comment_status":"closed","ping_status":"closed","template":"controllers\/template-parent.php","meta":{"_acf_changed":false,"inline_featured_image":false,"footnotes":""},"class_list":["post-31898","page","type-page","status-publish","hentry"],"acf":[],"yoast_head":"<!-- This site is optimized with the Yoast SEO plugin v21.9.1 - https:\/\/yoast.com\/wordpress\/plugins\/seo\/ -->\n<title>Media Hub NATRUE \u2013 Noticias y Recursos de Prensa<\/title>\n<meta name=\"description\" content=\"Explora el Media Hub de NATRUE para acceder a noticias, contactos de prensa, informes anuales, materiales de comunicaci\u00f3n e informaci\u00f3n sobre la Natural Cosmetics Week.\" \/>\n<meta name=\"robots\" content=\"index, follow, max-snippet:-1, max-image-preview:large, max-video-preview:-1\" \/>\n<link rel=\"canonical\" href=\"https:\/\/natrue.org\/es\/media-hub\/\" \/>\n<meta property=\"og:locale\" content=\"es_ES\" \/>\n<meta property=\"og:type\" content=\"article\" \/>\n<meta property=\"og:title\" content=\"Media Hub NATRUE \u2013 Noticias y Recursos de Prensa\" \/>\n<meta property=\"og:description\" content=\"Explora el Media Hub de NATRUE para acceder a noticias, contactos de prensa, informes anuales, materiales de comunicaci\u00f3n e informaci\u00f3n sobre la Natural Cosmetics Week.\" \/>\n<meta property=\"og:url\" content=\"https:\/\/natrue.org\/es\/media-hub\/\" \/>\n<meta property=\"og:site_name\" content=\"NATRUE\" \/>\n<meta property=\"article:modified_time\" content=\"2025-09-03T13:38:02+00:00\" \/>\n<meta name=\"twitter:card\" content=\"summary_large_image\" \/>\n<meta name=\"twitter:label1\" content=\"Est. reading time\" \/>\n\t<meta name=\"twitter:data1\" content=\"1 minute\" \/>\n<script type=\"application\/ld+json\" class=\"yoast-schema-graph\">{\"@context\":\"https:\/\/schema.org\",\"@graph\":[{\"@type\":\"WebPage\",\"@id\":\"https:\/\/natrue.org\/es\/media-hub\/\",\"url\":\"https:\/\/natrue.org\/es\/media-hub\/\",\"name\":\"Media Hub NATRUE \u2013 Noticias y Recursos de Prensa\",\"isPartOf\":{\"@id\":\"https:\/\/natrue.org\/es\/#website\"},\"datePublished\":\"2025-08-25T11:22:39+00:00\",\"dateModified\":\"2025-09-03T13:38:02+00:00\",\"description\":\"Explora el Media Hub de NATRUE para acceder a noticias, contactos de prensa, informes anuales, materiales de comunicaci\u00f3n e informaci\u00f3n sobre la Natural Cosmetics Week.\",\"breadcrumb\":{\"@id\":\"https:\/\/natrue.org\/es\/media-hub\/#breadcrumb\"},\"inLanguage\":\"es-ES\",\"potentialAction\":[{\"@type\":\"ReadAction\",\"target\":[\"https:\/\/natrue.org\/es\/media-hub\/\"]}]},{\"@type\":\"BreadcrumbList\",\"@id\":\"https:\/\/natrue.org\/es\/media-hub\/#breadcrumb\",\"itemListElement\":[{\"@type\":\"ListItem\",\"position\":1,\"name\":\"Home\",\"item\":\"https:\/\/natrue.org\/es\/\"},{\"@type\":\"ListItem\",\"position\":2,\"name\":\"Media Hub\"}]},{\"@type\":\"WebSite\",\"@id\":\"https:\/\/natrue.org\/es\/#website\",\"url\":\"https:\/\/natrue.org\/es\/\",\"name\":\"NATRUE\",\"description\":\"Natural and Organic Cosmetics\",\"potentialAction\":[{\"@type\":\"SearchAction\",\"target\":{\"@type\":\"EntryPoint\",\"urlTemplate\":\"https:\/\/natrue.org\/es\/?s={search_term_string}\"},\"query-input\":\"required name=search_term_string\"}],\"inLanguage\":\"es-ES\"}]}<\/script>\n<!-- \/ Yoast SEO plugin. -->","yoast_head_json":{"title":"Media Hub NATRUE \u2013 Noticias y Recursos de Prensa","description":"Explora el Media Hub de NATRUE para acceder a noticias, contactos de prensa, informes anuales, materiales de comunicaci\u00f3n e informaci\u00f3n sobre la Natural Cosmetics Week.","robots":{"index":"index","follow":"follow","max-snippet":"max-snippet:-1","max-image-preview":"max-image-preview:large","max-video-preview":"max-video-preview:-1"},"canonical":"https:\/\/natrue.org\/es\/media-hub\/","og_locale":"es_ES","og_type":"article","og_title":"Media Hub NATRUE \u2013 Noticias y Recursos de Prensa","og_description":"Explora el Media Hub de NATRUE para acceder a noticias, contactos de prensa, informes anuales, materiales de comunicaci\u00f3n e informaci\u00f3n sobre la Natural Cosmetics Week.","og_url":"https:\/\/natrue.org\/es\/media-hub\/","og_site_name":"NATRUE","article_modified_time":"2025-09-03T13:38:02+00:00","twitter_card":"summary_large_image","twitter_misc":{"Est. reading time":"1 minute"},"schema":{"@context":"https:\/\/schema.org","@graph":[{"@type":"WebPage","@id":"https:\/\/natrue.org\/es\/media-hub\/","url":"https:\/\/natrue.org\/es\/media-hub\/","name":"Media Hub NATRUE \u2013 Noticias y Recursos de Prensa","isPartOf":{"@id":"https:\/\/natrue.org\/es\/#website"},"datePublished":"2025-08-25T11:22:39+00:00","dateModified":"2025-09-03T13:38:02+00:00","description":"Explora el Media Hub de NATRUE para acceder a noticias, contactos de prensa, informes anuales, materiales de comunicaci\u00f3n e informaci\u00f3n sobre la Natural Cosmetics Week.","breadcrumb":{"@id":"https:\/\/natrue.org\/es\/media-hub\/#breadcrumb"},"inLanguage":"es-ES","potentialAction":[{"@type":"ReadAction","target":["https:\/\/natrue.org\/es\/media-hub\/"]}]},{"@type":"BreadcrumbList","@id":"https:\/\/natrue.org\/es\/media-hub\/#breadcrumb","itemListElement":[{"@type":"ListItem","position":1,"name":"Home","item":"https:\/\/natrue.org\/es\/"},{"@type":"ListItem","position":2,"name":"Media Hub"}]},{"@type":"WebSite","@id":"https:\/\/natrue.org\/es\/#website","url":"https:\/\/natrue.org\/es\/","name":"NATRUE","description":"Natural and Organic Cosmetics","potentialAction":[{"@type":"SearchAction","target":{"@type":"EntryPoint","urlTemplate":"https:\/\/natrue.org\/es\/?s={search_term_string}"},"query-input":"required name=search_term_string"}],"inLanguage":"es-ES"}]}},"_links":{"self":[{"href":"https:\/\/natrue.org\/es\/wp-json\/wp\/v2\/pages\/31898","targetHints":{"allow":["GET"]}}],"collection":[{"href":"https:\/\/natrue.org\/es\/wp-json\/wp\/v2\/pages"}],"about":[{"href":"https:\/\/natrue.org\/es\/wp-json\/wp\/v2\/types\/page"}],"author":[{"embeddable":true,"href":"https:\/\/natrue.org\/es\/wp-json\/wp\/v2\/users\/2"}],"replies":[{"embeddable":true,"href":"https:\/\/natrue.org\/es\/wp-json\/wp\/v2\/comments?post=31898"}],"version-history":[{"count":3,"href":"https:\/\/natrue.org\/es\/wp-json\/wp\/v2\/pages\/31898\/revisions"}],"predecessor-version":[{"id":32198,"href":"https:\/\/natrue.org\/es\/wp-json\/wp\/v2\/pages\/31898\/revisions\/32198"}],"wp:attachment":[{"href":"https:\/\/natrue.org\/es\/wp-json\/wp\/v2\/media?parent=31898"}],"curies":[{"name":"wp","href":"https:\/\/api.w.org\/{rel}","templated":true}]}}