{"id":32094,"date":"2025-09-02T16:04:52","date_gmt":"2025-09-02T14:04:52","guid":{"rendered":"https:\/\/natrue.org\/our-standard\/documents\/"},"modified":"2026-02-11T12:07:40","modified_gmt":"2026-02-11T11:07:40","slug":"documents","status":"publish","type":"page","link":"https:\/\/natrue.org\/es\/our-standard\/documents\/","title":{"rendered":"Documentos"},"content":{"rendered":"","protected":false},"excerpt":{"rendered":"","protected":false},"author":2,"featured_media":13490,"parent":2290,"menu_order":0,"comment_status":"closed","ping_status":"closed","template":"","meta":{"_acf_changed":false,"inline_featured_image":false,"footnotes":""},"class_list":["post-32094","page","type-page","status-publish","has-post-thumbnail","hentry"],"acf":[],"yoast_head":"<!-- This site is optimized with the Yoast SEO plugin v21.9.1 - https:\/\/yoast.com\/wordpress\/plugins\/seo\/ -->\n<title>Documentos NATRUE | Certificaci\u00f3n, Gu\u00edas y Uso del Sello<\/title>\n<meta name=\"description\" content=\"Encuentra todos los documentos NATRUE: esquema de certificaci\u00f3n, gu\u00edas, acuerdos de uso del sello y recursos para certificadores y marcas.\" \/>\n<meta name=\"robots\" content=\"index, follow, max-snippet:-1, max-image-preview:large, max-video-preview:-1\" \/>\n<link rel=\"canonical\" href=\"https:\/\/natrue.org\/es\/our-standard\/documents\/\" \/>\n<meta property=\"og:locale\" content=\"es_ES\" \/>\n<meta property=\"og:type\" content=\"article\" \/>\n<meta property=\"og:title\" content=\"Documentos NATRUE | Certificaci\u00f3n, Gu\u00edas y Uso del Sello\" \/>\n<meta property=\"og:description\" content=\"Encuentra todos los documentos NATRUE: esquema de certificaci\u00f3n, gu\u00edas, acuerdos de uso del sello y recursos para certificadores y marcas.\" \/>\n<meta property=\"og:url\" content=\"https:\/\/natrue.org\/es\/our-standard\/documents\/\" \/>\n<meta property=\"og:site_name\" content=\"NATRUE\" \/>\n<meta property=\"article:modified_time\" content=\"2026-02-11T11:07:40+00:00\" \/>\n<meta property=\"og:image\" content=\"https:\/\/natrue.org\/uploads\/2021\/02\/Untitled-design-16.png\" \/>\n\t<meta property=\"og:image:width\" content=\"1080\" \/>\n\t<meta property=\"og:image:height\" content=\"1080\" \/>\n\t<meta property=\"og:image:type\" content=\"image\/png\" \/>\n<meta name=\"twitter:card\" content=\"summary_large_image\" \/>\n<meta name=\"twitter:label1\" content=\"Est. reading time\" \/>\n\t<meta name=\"twitter:data1\" content=\"1 minute\" \/>\n<script type=\"application\/ld+json\" class=\"yoast-schema-graph\">{\"@context\":\"https:\/\/schema.org\",\"@graph\":[{\"@type\":\"WebPage\",\"@id\":\"https:\/\/natrue.org\/es\/our-standard\/documents\/\",\"url\":\"https:\/\/natrue.org\/es\/our-standard\/documents\/\",\"name\":\"Documentos NATRUE | Certificaci\u00f3n, Gu\u00edas y Uso del Sello\",\"isPartOf\":{\"@id\":\"https:\/\/natrue.org\/es\/#website\"},\"datePublished\":\"2025-09-02T14:04:52+00:00\",\"dateModified\":\"2026-02-11T11:07:40+00:00\",\"description\":\"Encuentra todos los documentos NATRUE: esquema de certificaci\u00f3n, gu\u00edas, acuerdos de uso del sello y recursos para certificadores y marcas.\",\"breadcrumb\":{\"@id\":\"https:\/\/natrue.org\/es\/our-standard\/documents\/#breadcrumb\"},\"inLanguage\":\"es-ES\",\"potentialAction\":[{\"@type\":\"ReadAction\",\"target\":[\"https:\/\/natrue.org\/es\/our-standard\/documents\/\"]}]},{\"@type\":\"BreadcrumbList\",\"@id\":\"https:\/\/natrue.org\/es\/our-standard\/documents\/#breadcrumb\",\"itemListElement\":[{\"@type\":\"ListItem\",\"position\":1,\"name\":\"Home\",\"item\":\"https:\/\/natrue.org\/es\/\"},{\"@type\":\"ListItem\",\"position\":2,\"name\":\"Nuestro est\u00e1ndar\",\"item\":\"https:\/\/natrue.org\/es\/our-standard\/\"},{\"@type\":\"ListItem\",\"position\":3,\"name\":\"Documentos\"}]},{\"@type\":\"WebSite\",\"@id\":\"https:\/\/natrue.org\/es\/#website\",\"url\":\"https:\/\/natrue.org\/es\/\",\"name\":\"NATRUE\",\"description\":\"Natural and Organic Cosmetics\",\"potentialAction\":[{\"@type\":\"SearchAction\",\"target\":{\"@type\":\"EntryPoint\",\"urlTemplate\":\"https:\/\/natrue.org\/es\/?s={search_term_string}\"},\"query-input\":\"required name=search_term_string\"}],\"inLanguage\":\"es-ES\"}]}<\/script>\n<!-- \/ Yoast SEO plugin. -->","yoast_head_json":{"title":"Documentos NATRUE | Certificaci\u00f3n, Gu\u00edas y Uso del Sello","description":"Encuentra todos los documentos NATRUE: esquema de certificaci\u00f3n, gu\u00edas, acuerdos de uso del sello y recursos para certificadores y marcas.","robots":{"index":"index","follow":"follow","max-snippet":"max-snippet:-1","max-image-preview":"max-image-preview:large","max-video-preview":"max-video-preview:-1"},"canonical":"https:\/\/natrue.org\/es\/our-standard\/documents\/","og_locale":"es_ES","og_type":"article","og_title":"Documentos NATRUE | Certificaci\u00f3n, Gu\u00edas y Uso del Sello","og_description":"Encuentra todos los documentos NATRUE: esquema de certificaci\u00f3n, gu\u00edas, acuerdos de uso del sello y recursos para certificadores y marcas.","og_url":"https:\/\/natrue.org\/es\/our-standard\/documents\/","og_site_name":"NATRUE","article_modified_time":"2026-02-11T11:07:40+00:00","og_image":[{"width":1080,"height":1080,"url":"https:\/\/natrue.org\/uploads\/2021\/02\/Untitled-design-16.png","type":"image\/png"}],"twitter_card":"summary_large_image","twitter_misc":{"Est. reading time":"1 minute"},"schema":{"@context":"https:\/\/schema.org","@graph":[{"@type":"WebPage","@id":"https:\/\/natrue.org\/es\/our-standard\/documents\/","url":"https:\/\/natrue.org\/es\/our-standard\/documents\/","name":"Documentos NATRUE | Certificaci\u00f3n, Gu\u00edas y Uso del Sello","isPartOf":{"@id":"https:\/\/natrue.org\/es\/#website"},"datePublished":"2025-09-02T14:04:52+00:00","dateModified":"2026-02-11T11:07:40+00:00","description":"Encuentra todos los documentos NATRUE: esquema de certificaci\u00f3n, gu\u00edas, acuerdos de uso del sello y recursos para certificadores y marcas.","breadcrumb":{"@id":"https:\/\/natrue.org\/es\/our-standard\/documents\/#breadcrumb"},"inLanguage":"es-ES","potentialAction":[{"@type":"ReadAction","target":["https:\/\/natrue.org\/es\/our-standard\/documents\/"]}]},{"@type":"BreadcrumbList","@id":"https:\/\/natrue.org\/es\/our-standard\/documents\/#breadcrumb","itemListElement":[{"@type":"ListItem","position":1,"name":"Home","item":"https:\/\/natrue.org\/es\/"},{"@type":"ListItem","position":2,"name":"Nuestro est\u00e1ndar","item":"https:\/\/natrue.org\/es\/our-standard\/"},{"@type":"ListItem","position":3,"name":"Documentos"}]},{"@type":"WebSite","@id":"https:\/\/natrue.org\/es\/#website","url":"https:\/\/natrue.org\/es\/","name":"NATRUE","description":"Natural and Organic Cosmetics","potentialAction":[{"@type":"SearchAction","target":{"@type":"EntryPoint","urlTemplate":"https:\/\/natrue.org\/es\/?s={search_term_string}"},"query-input":"required name=search_term_string"}],"inLanguage":"es-ES"}]}},"_links":{"self":[{"href":"https:\/\/natrue.org\/es\/wp-json\/wp\/v2\/pages\/32094","targetHints":{"allow":["GET"]}}],"collection":[{"href":"https:\/\/natrue.org\/es\/wp-json\/wp\/v2\/pages"}],"about":[{"href":"https:\/\/natrue.org\/es\/wp-json\/wp\/v2\/types\/page"}],"author":[{"embeddable":true,"href":"https:\/\/natrue.org\/es\/wp-json\/wp\/v2\/users\/2"}],"replies":[{"embeddable":true,"href":"https:\/\/natrue.org\/es\/wp-json\/wp\/v2\/comments?post=32094"}],"version-history":[{"count":3,"href":"https:\/\/natrue.org\/es\/wp-json\/wp\/v2\/pages\/32094\/revisions"}],"predecessor-version":[{"id":34585,"href":"https:\/\/natrue.org\/es\/wp-json\/wp\/v2\/pages\/32094\/revisions\/34585"}],"up":[{"embeddable":true,"href":"https:\/\/natrue.org\/es\/wp-json\/wp\/v2\/pages\/2290"}],"wp:featuredmedia":[{"embeddable":true,"href":"https:\/\/natrue.org\/es\/wp-json\/wp\/v2\/media\/13490"}],"wp:attachment":[{"href":"https:\/\/natrue.org\/es\/wp-json\/wp\/v2\/media?parent=32094"}],"curies":[{"name":"wp","href":"https:\/\/api.w.org\/{rel}","templated":true}]}}