{"id":32129,"date":"2025-09-02T17:06:05","date_gmt":"2025-09-02T15:06:05","guid":{"rendered":"https:\/\/natrue.org\/media-hub\/communication-materials\/"},"modified":"2025-09-02T17:38:49","modified_gmt":"2025-09-02T15:38:49","slug":"communication-materials","status":"publish","type":"page","link":"https:\/\/natrue.org\/es\/media-hub\/communication-materials\/","title":{"rendered":"Kit de Comunicaci\u00f3n NATRUE"},"content":{"rendered":"","protected":false},"excerpt":{"rendered":"","protected":false},"author":2,"featured_media":8937,"parent":31898,"menu_order":0,"comment_status":"closed","ping_status":"closed","template":"","meta":{"_acf_changed":false,"inline_featured_image":false,"footnotes":""},"class_list":["post-32129","page","type-page","status-publish","has-post-thumbnail","hentry"],"acf":[],"yoast_head":"<!-- This site is optimized with the Yoast SEO plugin v21.9.1 - https:\/\/yoast.com\/wordpress\/plugins\/seo\/ -->\n<title>Materiales de Comunicaci\u00f3n NATRUE \u2013 Gu\u00edas y Recursos<\/title>\n<meta name=\"description\" content=\"Accede a todos los materiales de comunicaci\u00f3n de NATRUE en un solo lugar, incluyendo gu\u00edas, plantillas y recursos para marcas y medios.\" \/>\n<meta name=\"robots\" content=\"index, follow, max-snippet:-1, max-image-preview:large, max-video-preview:-1\" \/>\n<link rel=\"canonical\" href=\"https:\/\/natrue.org\/es\/media-hub\/communication-materials\/\" \/>\n<meta property=\"og:locale\" content=\"es_ES\" \/>\n<meta property=\"og:type\" content=\"article\" \/>\n<meta property=\"og:title\" content=\"Materiales de Comunicaci\u00f3n NATRUE \u2013 Gu\u00edas y Recursos\" \/>\n<meta property=\"og:description\" content=\"Accede a todos los materiales de comunicaci\u00f3n de NATRUE en un solo lugar, incluyendo gu\u00edas, plantillas y recursos para marcas y medios.\" \/>\n<meta property=\"og:url\" content=\"https:\/\/natrue.org\/es\/media-hub\/communication-materials\/\" \/>\n<meta property=\"og:site_name\" content=\"NATRUE\" \/>\n<meta property=\"article:modified_time\" content=\"2025-09-02T15:38:49+00:00\" \/>\n<meta property=\"og:image\" content=\"https:\/\/natrue.org\/uploads\/2020\/04\/Canva-Macbook-Pro-on-White-Table-1-1.jpg\" \/>\n\t<meta property=\"og:image:width\" content=\"768\" \/>\n\t<meta property=\"og:image:height\" content=\"380\" \/>\n\t<meta property=\"og:image:type\" content=\"image\/jpeg\" \/>\n<meta name=\"twitter:card\" content=\"summary_large_image\" \/>\n<meta name=\"twitter:label1\" content=\"Est. reading time\" \/>\n\t<meta name=\"twitter:data1\" content=\"1 minute\" \/>\n<script type=\"application\/ld+json\" class=\"yoast-schema-graph\">{\"@context\":\"https:\/\/schema.org\",\"@graph\":[{\"@type\":\"WebPage\",\"@id\":\"https:\/\/natrue.org\/es\/media-hub\/communication-materials\/\",\"url\":\"https:\/\/natrue.org\/es\/media-hub\/communication-materials\/\",\"name\":\"Materiales de Comunicaci\u00f3n NATRUE \u2013 Gu\u00edas y Recursos\",\"isPartOf\":{\"@id\":\"https:\/\/natrue.org\/es\/#website\"},\"datePublished\":\"2025-09-02T15:06:05+00:00\",\"dateModified\":\"2025-09-02T15:38:49+00:00\",\"description\":\"Accede a todos los materiales de comunicaci\u00f3n de NATRUE en un solo lugar, incluyendo gu\u00edas, plantillas y recursos para marcas y medios.\",\"breadcrumb\":{\"@id\":\"https:\/\/natrue.org\/es\/media-hub\/communication-materials\/#breadcrumb\"},\"inLanguage\":\"es-ES\",\"potentialAction\":[{\"@type\":\"ReadAction\",\"target\":[\"https:\/\/natrue.org\/es\/media-hub\/communication-materials\/\"]}]},{\"@type\":\"BreadcrumbList\",\"@id\":\"https:\/\/natrue.org\/es\/media-hub\/communication-materials\/#breadcrumb\",\"itemListElement\":[{\"@type\":\"ListItem\",\"position\":1,\"name\":\"Home\",\"item\":\"https:\/\/natrue.org\/es\/\"},{\"@type\":\"ListItem\",\"position\":2,\"name\":\"Media Hub\",\"item\":\"https:\/\/natrue.org\/es\/media-hub\/\"},{\"@type\":\"ListItem\",\"position\":3,\"name\":\"Kit de Comunicaci\u00f3n NATRUE\"}]},{\"@type\":\"WebSite\",\"@id\":\"https:\/\/natrue.org\/es\/#website\",\"url\":\"https:\/\/natrue.org\/es\/\",\"name\":\"NATRUE\",\"description\":\"Natural and Organic Cosmetics\",\"potentialAction\":[{\"@type\":\"SearchAction\",\"target\":{\"@type\":\"EntryPoint\",\"urlTemplate\":\"https:\/\/natrue.org\/es\/?s={search_term_string}\"},\"query-input\":\"required name=search_term_string\"}],\"inLanguage\":\"es-ES\"}]}<\/script>\n<!-- \/ Yoast SEO plugin. -->","yoast_head_json":{"title":"Materiales de Comunicaci\u00f3n NATRUE \u2013 Gu\u00edas y Recursos","description":"Accede a todos los materiales de comunicaci\u00f3n de NATRUE en un solo lugar, incluyendo gu\u00edas, plantillas y recursos para marcas y medios.","robots":{"index":"index","follow":"follow","max-snippet":"max-snippet:-1","max-image-preview":"max-image-preview:large","max-video-preview":"max-video-preview:-1"},"canonical":"https:\/\/natrue.org\/es\/media-hub\/communication-materials\/","og_locale":"es_ES","og_type":"article","og_title":"Materiales de Comunicaci\u00f3n NATRUE \u2013 Gu\u00edas y Recursos","og_description":"Accede a todos los materiales de comunicaci\u00f3n de NATRUE en un solo lugar, incluyendo gu\u00edas, plantillas y recursos para marcas y medios.","og_url":"https:\/\/natrue.org\/es\/media-hub\/communication-materials\/","og_site_name":"NATRUE","article_modified_time":"2025-09-02T15:38:49+00:00","og_image":[{"width":768,"height":380,"url":"https:\/\/natrue.org\/uploads\/2020\/04\/Canva-Macbook-Pro-on-White-Table-1-1.jpg","type":"image\/jpeg"}],"twitter_card":"summary_large_image","twitter_misc":{"Est. reading time":"1 minute"},"schema":{"@context":"https:\/\/schema.org","@graph":[{"@type":"WebPage","@id":"https:\/\/natrue.org\/es\/media-hub\/communication-materials\/","url":"https:\/\/natrue.org\/es\/media-hub\/communication-materials\/","name":"Materiales de Comunicaci\u00f3n NATRUE \u2013 Gu\u00edas y Recursos","isPartOf":{"@id":"https:\/\/natrue.org\/es\/#website"},"datePublished":"2025-09-02T15:06:05+00:00","dateModified":"2025-09-02T15:38:49+00:00","description":"Accede a todos los materiales de comunicaci\u00f3n de NATRUE en un solo lugar, incluyendo gu\u00edas, plantillas y recursos para marcas y medios.","breadcrumb":{"@id":"https:\/\/natrue.org\/es\/media-hub\/communication-materials\/#breadcrumb"},"inLanguage":"es-ES","potentialAction":[{"@type":"ReadAction","target":["https:\/\/natrue.org\/es\/media-hub\/communication-materials\/"]}]},{"@type":"BreadcrumbList","@id":"https:\/\/natrue.org\/es\/media-hub\/communication-materials\/#breadcrumb","itemListElement":[{"@type":"ListItem","position":1,"name":"Home","item":"https:\/\/natrue.org\/es\/"},{"@type":"ListItem","position":2,"name":"Media Hub","item":"https:\/\/natrue.org\/es\/media-hub\/"},{"@type":"ListItem","position":3,"name":"Kit de Comunicaci\u00f3n NATRUE"}]},{"@type":"WebSite","@id":"https:\/\/natrue.org\/es\/#website","url":"https:\/\/natrue.org\/es\/","name":"NATRUE","description":"Natural and Organic Cosmetics","potentialAction":[{"@type":"SearchAction","target":{"@type":"EntryPoint","urlTemplate":"https:\/\/natrue.org\/es\/?s={search_term_string}"},"query-input":"required name=search_term_string"}],"inLanguage":"es-ES"}]}},"_links":{"self":[{"href":"https:\/\/natrue.org\/es\/wp-json\/wp\/v2\/pages\/32129","targetHints":{"allow":["GET"]}}],"collection":[{"href":"https:\/\/natrue.org\/es\/wp-json\/wp\/v2\/pages"}],"about":[{"href":"https:\/\/natrue.org\/es\/wp-json\/wp\/v2\/types\/page"}],"author":[{"embeddable":true,"href":"https:\/\/natrue.org\/es\/wp-json\/wp\/v2\/users\/2"}],"replies":[{"embeddable":true,"href":"https:\/\/natrue.org\/es\/wp-json\/wp\/v2\/comments?post=32129"}],"version-history":[{"count":3,"href":"https:\/\/natrue.org\/es\/wp-json\/wp\/v2\/pages\/32129\/revisions"}],"predecessor-version":[{"id":32154,"href":"https:\/\/natrue.org\/es\/wp-json\/wp\/v2\/pages\/32129\/revisions\/32154"}],"up":[{"embeddable":true,"href":"https:\/\/natrue.org\/es\/wp-json\/wp\/v2\/pages\/31898"}],"wp:featuredmedia":[{"embeddable":true,"href":"https:\/\/natrue.org\/es\/wp-json\/wp\/v2\/media\/8937"}],"wp:attachment":[{"href":"https:\/\/natrue.org\/es\/wp-json\/wp\/v2\/media?parent=32129"}],"curies":[{"name":"wp","href":"https:\/\/api.w.org\/{rel}","templated":true}]}}