{"id":35197,"date":"2026-03-20T15:49:21","date_gmt":"2026-03-20T14:49:21","guid":{"rendered":"https:\/\/natrue.org\/events\/"},"modified":"2026-03-24T12:04:46","modified_gmt":"2026-03-24T11:04:46","slug":"events","status":"publish","type":"page","link":"https:\/\/natrue.org\/es\/events\/","title":{"rendered":"Eventos"},"content":{"rendered":"<p style=\"text-align: justify;\">Descubre nuestros principales eventos e iniciativas en el sector de la cosm\u00e9tica natural y ecol\u00f3gica. A trav\u00e9s de la <strong>Natural Cosmetics Week (NCW)<\/strong> y el <strong>Natural Cosmetics Industry Forum (NCIF)<\/strong>, NATRUE re\u00fane a marcas, expertos, consumidores, medios y a todos los actores interesados para concienciar, compartir conocimientos e impulsar el futuro de la belleza sostenible. Explora cada evento para saber m\u00e1s y participar.<\/p>\n","protected":false},"excerpt":{"rendered":"<p>Descubre nuestros principales eventos e iniciativas en el sector de la cosm\u00e9tica natural y ecol\u00f3gica. A trav\u00e9s de la Natural Cosmetics Week (NCW) y el Natural Cosmetics Industry Forum (NCIF), NATRUE re\u00fane a marcas, expertos, consumidores, medios y a todos los actores interesados para concienciar, compartir conocimientos e impulsar el futuro de la belleza sostenible. Explora cada evento para saber m\u00e1s y participar.<\/p>\n","protected":false},"author":2,"featured_media":34838,"parent":0,"menu_order":0,"comment_status":"closed","ping_status":"closed","template":"controllers\/template-parent.php","meta":{"_acf_changed":false,"inline_featured_image":false,"footnotes":""},"class_list":["post-35197","page","type-page","status-publish","has-post-thumbnail","hentry"],"acf":[],"yoast_head":"<!-- This site is optimized with the Yoast SEO plugin v21.9.1 - https:\/\/yoast.com\/wordpress\/plugins\/seo\/ -->\n<title>Eventos | NATRUE<\/title>\n<meta name=\"description\" content=\"Explore NATRUE\u2019s natural cosmetics events, including Natural Cosmetics Week (NCW) and the Natural Cosmetics Industry Forum (NCIF). Open to brands, consumers, media, and all stakeholders shaping sustainable beauty.\" \/>\n<meta name=\"robots\" content=\"index, follow, max-snippet:-1, max-image-preview:large, max-video-preview:-1\" \/>\n<link rel=\"canonical\" href=\"https:\/\/natrue.org\/es\/events\/\" \/>\n<meta property=\"og:locale\" content=\"es_ES\" \/>\n<meta property=\"og:type\" content=\"article\" \/>\n<meta property=\"og:title\" content=\"Eventos | NATRUE\" \/>\n<meta property=\"og:description\" content=\"Explore NATRUE\u2019s natural cosmetics events, including Natural Cosmetics Week (NCW) and the Natural Cosmetics Industry Forum (NCIF). Open to brands, consumers, media, and all stakeholders shaping sustainable beauty.\" \/>\n<meta property=\"og:url\" content=\"https:\/\/natrue.org\/es\/events\/\" \/>\n<meta property=\"og:site_name\" content=\"NATRUE\" \/>\n<meta property=\"article:modified_time\" content=\"2026-03-24T11:04:46+00:00\" \/>\n<meta property=\"og:image\" content=\"https:\/\/natrue.org\/uploads\/2026\/03\/pexels-kpaukshtite-1591142-683x1024.jpg\" \/>\n\t<meta property=\"og:image:width\" content=\"683\" \/>\n\t<meta property=\"og:image:height\" content=\"1024\" \/>\n\t<meta property=\"og:image:type\" content=\"image\/jpeg\" \/>\n<meta name=\"twitter:card\" content=\"summary_large_image\" \/>\n<meta name=\"twitter:label1\" content=\"Est. reading time\" \/>\n\t<meta name=\"twitter:data1\" content=\"1 minute\" \/>\n<script type=\"application\/ld+json\" class=\"yoast-schema-graph\">{\"@context\":\"https:\/\/schema.org\",\"@graph\":[{\"@type\":\"WebPage\",\"@id\":\"https:\/\/natrue.org\/es\/events\/\",\"url\":\"https:\/\/natrue.org\/es\/events\/\",\"name\":\"Eventos | NATRUE\",\"isPartOf\":{\"@id\":\"https:\/\/natrue.org\/es\/#website\"},\"datePublished\":\"2026-03-20T14:49:21+00:00\",\"dateModified\":\"2026-03-24T11:04:46+00:00\",\"description\":\"Explore NATRUE\u2019s natural cosmetics events, including Natural Cosmetics Week (NCW) and the Natural Cosmetics Industry Forum (NCIF). Open to brands, consumers, media, and all stakeholders shaping sustainable beauty.\",\"breadcrumb\":{\"@id\":\"https:\/\/natrue.org\/es\/events\/#breadcrumb\"},\"inLanguage\":\"es-ES\",\"potentialAction\":[{\"@type\":\"ReadAction\",\"target\":[\"https:\/\/natrue.org\/es\/events\/\"]}]},{\"@type\":\"BreadcrumbList\",\"@id\":\"https:\/\/natrue.org\/es\/events\/#breadcrumb\",\"itemListElement\":[{\"@type\":\"ListItem\",\"position\":1,\"name\":\"Home\",\"item\":\"https:\/\/natrue.org\/es\/\"},{\"@type\":\"ListItem\",\"position\":2,\"name\":\"Eventos\"}]},{\"@type\":\"WebSite\",\"@id\":\"https:\/\/natrue.org\/es\/#website\",\"url\":\"https:\/\/natrue.org\/es\/\",\"name\":\"NATRUE\",\"description\":\"Natural and Organic Cosmetics\",\"potentialAction\":[{\"@type\":\"SearchAction\",\"target\":{\"@type\":\"EntryPoint\",\"urlTemplate\":\"https:\/\/natrue.org\/es\/?s={search_term_string}\"},\"query-input\":\"required name=search_term_string\"}],\"inLanguage\":\"es-ES\"}]}<\/script>\n<!-- \/ Yoast SEO plugin. -->","yoast_head_json":{"title":"Eventos | NATRUE","description":"Explore NATRUE\u2019s natural cosmetics events, including Natural Cosmetics Week (NCW) and the Natural Cosmetics Industry Forum (NCIF). Open to brands, consumers, media, and all stakeholders shaping sustainable beauty.","robots":{"index":"index","follow":"follow","max-snippet":"max-snippet:-1","max-image-preview":"max-image-preview:large","max-video-preview":"max-video-preview:-1"},"canonical":"https:\/\/natrue.org\/es\/events\/","og_locale":"es_ES","og_type":"article","og_title":"Eventos | NATRUE","og_description":"Explore NATRUE\u2019s natural cosmetics events, including Natural Cosmetics Week (NCW) and the Natural Cosmetics Industry Forum (NCIF). Open to brands, consumers, media, and all stakeholders shaping sustainable beauty.","og_url":"https:\/\/natrue.org\/es\/events\/","og_site_name":"NATRUE","article_modified_time":"2026-03-24T11:04:46+00:00","og_image":[{"width":683,"height":1024,"url":"https:\/\/natrue.org\/uploads\/2026\/03\/pexels-kpaukshtite-1591142-683x1024.jpg","type":"image\/jpeg"}],"twitter_card":"summary_large_image","twitter_misc":{"Est. reading time":"1 minute"},"schema":{"@context":"https:\/\/schema.org","@graph":[{"@type":"WebPage","@id":"https:\/\/natrue.org\/es\/events\/","url":"https:\/\/natrue.org\/es\/events\/","name":"Eventos | NATRUE","isPartOf":{"@id":"https:\/\/natrue.org\/es\/#website"},"datePublished":"2026-03-20T14:49:21+00:00","dateModified":"2026-03-24T11:04:46+00:00","description":"Explore NATRUE\u2019s natural cosmetics events, including Natural Cosmetics Week (NCW) and the Natural Cosmetics Industry Forum (NCIF). Open to brands, consumers, media, and all stakeholders shaping sustainable beauty.","breadcrumb":{"@id":"https:\/\/natrue.org\/es\/events\/#breadcrumb"},"inLanguage":"es-ES","potentialAction":[{"@type":"ReadAction","target":["https:\/\/natrue.org\/es\/events\/"]}]},{"@type":"BreadcrumbList","@id":"https:\/\/natrue.org\/es\/events\/#breadcrumb","itemListElement":[{"@type":"ListItem","position":1,"name":"Home","item":"https:\/\/natrue.org\/es\/"},{"@type":"ListItem","position":2,"name":"Eventos"}]},{"@type":"WebSite","@id":"https:\/\/natrue.org\/es\/#website","url":"https:\/\/natrue.org\/es\/","name":"NATRUE","description":"Natural and Organic Cosmetics","potentialAction":[{"@type":"SearchAction","target":{"@type":"EntryPoint","urlTemplate":"https:\/\/natrue.org\/es\/?s={search_term_string}"},"query-input":"required name=search_term_string"}],"inLanguage":"es-ES"}]}},"_links":{"self":[{"href":"https:\/\/natrue.org\/es\/wp-json\/wp\/v2\/pages\/35197","targetHints":{"allow":["GET"]}}],"collection":[{"href":"https:\/\/natrue.org\/es\/wp-json\/wp\/v2\/pages"}],"about":[{"href":"https:\/\/natrue.org\/es\/wp-json\/wp\/v2\/types\/page"}],"author":[{"embeddable":true,"href":"https:\/\/natrue.org\/es\/wp-json\/wp\/v2\/users\/2"}],"replies":[{"embeddable":true,"href":"https:\/\/natrue.org\/es\/wp-json\/wp\/v2\/comments?post=35197"}],"version-history":[{"count":3,"href":"https:\/\/natrue.org\/es\/wp-json\/wp\/v2\/pages\/35197\/revisions"}],"predecessor-version":[{"id":35215,"href":"https:\/\/natrue.org\/es\/wp-json\/wp\/v2\/pages\/35197\/revisions\/35215"}],"wp:featuredmedia":[{"embeddable":true,"href":"https:\/\/natrue.org\/es\/wp-json\/wp\/v2\/media\/34838"}],"wp:attachment":[{"href":"https:\/\/natrue.org\/es\/wp-json\/wp\/v2\/media?parent=35197"}],"curies":[{"name":"wp","href":"https:\/\/api.w.org\/{rel}","templated":true}]}}