{"id":1260,"date":"2019-01-25T13:41:20","date_gmt":"2019-01-25T13:41:20","guid":{"rendered":"http:\/\/natrue.website.starringjane.com\/why-us\/"},"modified":"2025-09-03T15:23:30","modified_gmt":"2025-09-03T13:23:30","slug":"advocacy-research","status":"publish","type":"page","link":"https:\/\/natrue.org\/fr\/advocacy-research\/","title":{"rendered":"Plaidoyer et Recherche"},"content":{"rendered":"<p style=\"text-align: justify;\"><span class=\"tlid-translation translation\" lang=\"fr\"><span title=\"\">\u00c0 ce jour, il n\u2019existe pas de d\u00e9finition r\u00e9glementaire officielle pour les cosm\u00e9tiques naturels et biologiques.<\/span> <span class=\"\" title=\"\">Il existe des normes priv\u00e9es, mais avant toute chose, l&#8217;exigence de base est que tout produit cosm\u00e9tique doit d&#8217;abord \u00eatre conforme au <span style=\"color: #669c35;\"><a style=\"color: #669c35;\" href=\"https:\/\/eur-lex.europa.eu\/legal-content\/EN\/TXT\/PDF\/?uri=CELEX:32009R1223&amp;from=EN\" target=\"_blank\" rel=\"noopener\">r\u00e8glement de l&#8217;UE sur les cosm\u00e9tiques (EC) N\u00b0 1223\/2009<\/a> <\/span>du Parlement Europ\u00e9en datant du 30 Novembre 2009. Les<\/span><span class=\"\" title=\"\"> ingr\u00e9dients biologiques etant eux r\u00e9gis par le<span style=\"color: #669c35;\"> <a style=\"color: #669c35;\" href=\"https:\/\/eur-lex.europa.eu\/LexUriServ\/LexUriServ.do?uri=OJ:L:2007:189:0001:0023:EN:PDF\" target=\"_blank\" rel=\"noopener\">r\u00e8glement (CE) N\u00b0 834\/2007 du Conseil Europ\u00e9en sur l&#8217;agriculture biologique.<\/a><\/span><\/span><\/span><\/p>\n","protected":false},"excerpt":{"rendered":"<p>\u00c0 ce jour, il n\u2019existe pas de d\u00e9finition r\u00e9glementaire officielle pour les cosm\u00e9tiques naturels et biologiques. Il existe des normes priv\u00e9es, mais avant toute chose, l&#8217;exigence de base est que tout produit cosm\u00e9tique doit d&#8217;abord \u00eatre conforme au r\u00e8glement de l&#8217;UE sur les cosm\u00e9tiques (EC) N\u00b0 1223\/2009 du Parlement Europ\u00e9en datant du 30 Novembre 2009. Les ingr\u00e9dients biologiques etant eux r\u00e9gis par le r\u00e8glement (CE) N\u00b0 834\/2007 du Conseil Europ\u00e9en sur l&#8217;agriculture biologique.<\/p>\n","protected":false},"author":1,"featured_media":0,"parent":0,"menu_order":115,"comment_status":"closed","ping_status":"closed","template":"controllers\/template-parent.php","meta":{"_acf_changed":false,"inline_featured_image":false,"footnotes":""},"class_list":["post-1260","page","type-page","status-publish","hentry"],"acf":[],"yoast_head":"<!-- This site is optimized with the Yoast SEO plugin v21.9.1 - https:\/\/yoast.com\/wordpress\/plugins\/seo\/ -->\n<title>Plaidoyer et Recherche | NATRUE<\/title>\n<meta name=\"robots\" content=\"index, follow, max-snippet:-1, max-image-preview:large, max-video-preview:-1\" \/>\n<link rel=\"canonical\" href=\"https:\/\/natrue.org\/fr\/advocacy-research\/\" \/>\n<meta property=\"og:locale\" content=\"fr_FR\" \/>\n<meta property=\"og:type\" content=\"article\" \/>\n<meta property=\"og:title\" content=\"Plaidoyer et Recherche | NATRUE\" \/>\n<meta property=\"og:description\" content=\"\u00c0 ce jour, il n\u2019existe pas de d\u00e9finition r\u00e9glementaire officielle pour les cosm\u00e9tiques naturels et biologiques. Il existe des normes priv\u00e9es, mais avant toute chose, l&#8217;exigence de base est que tout produit cosm\u00e9tique doit d&#8217;abord \u00eatre conforme au r\u00e8glement de l&#8217;UE sur les cosm\u00e9tiques (EC) N\u00b0 1223\/2009 du Parlement Europ\u00e9en datant du 30 Novembre 2009. Les ingr\u00e9dients biologiques etant eux r\u00e9gis par le r\u00e8glement (CE) N\u00b0 834\/2007 du Conseil Europ\u00e9en sur l&#8217;agriculture biologique.\" \/>\n<meta property=\"og:url\" content=\"https:\/\/natrue.org\/fr\/advocacy-research\/\" \/>\n<meta property=\"og:site_name\" content=\"NATRUE\" \/>\n<meta property=\"article:modified_time\" content=\"2025-09-03T13:23:30+00:00\" \/>\n<meta name=\"twitter:card\" content=\"summary_large_image\" \/>\n<meta name=\"twitter:label1\" content=\"Est. reading time\" \/>\n\t<meta name=\"twitter:data1\" content=\"1 minute\" \/>\n<script type=\"application\/ld+json\" class=\"yoast-schema-graph\">{\"@context\":\"https:\/\/schema.org\",\"@graph\":[{\"@type\":\"WebPage\",\"@id\":\"https:\/\/natrue.org\/fr\/advocacy-research\/\",\"url\":\"https:\/\/natrue.org\/fr\/advocacy-research\/\",\"name\":\"Plaidoyer et Recherche | NATRUE\",\"isPartOf\":{\"@id\":\"https:\/\/natrue.org\/fr\/#website\"},\"datePublished\":\"2019-01-25T13:41:20+00:00\",\"dateModified\":\"2025-09-03T13:23:30+00:00\",\"breadcrumb\":{\"@id\":\"https:\/\/natrue.org\/fr\/advocacy-research\/#breadcrumb\"},\"inLanguage\":\"fr-FR\",\"potentialAction\":[{\"@type\":\"ReadAction\",\"target\":[\"https:\/\/natrue.org\/fr\/advocacy-research\/\"]}]},{\"@type\":\"BreadcrumbList\",\"@id\":\"https:\/\/natrue.org\/fr\/advocacy-research\/#breadcrumb\",\"itemListElement\":[{\"@type\":\"ListItem\",\"position\":1,\"name\":\"Home\",\"item\":\"https:\/\/natrue.org\/fr\/\"},{\"@type\":\"ListItem\",\"position\":2,\"name\":\"Plaidoyer et Recherche\"}]},{\"@type\":\"WebSite\",\"@id\":\"https:\/\/natrue.org\/fr\/#website\",\"url\":\"https:\/\/natrue.org\/fr\/\",\"name\":\"NATRUE\",\"description\":\"Natural and Organic Cosmetics\",\"potentialAction\":[{\"@type\":\"SearchAction\",\"target\":{\"@type\":\"EntryPoint\",\"urlTemplate\":\"https:\/\/natrue.org\/fr\/?s={search_term_string}\"},\"query-input\":\"required name=search_term_string\"}],\"inLanguage\":\"fr-FR\"}]}<\/script>\n<!-- \/ Yoast SEO plugin. -->","yoast_head_json":{"title":"Plaidoyer et Recherche | NATRUE","robots":{"index":"index","follow":"follow","max-snippet":"max-snippet:-1","max-image-preview":"max-image-preview:large","max-video-preview":"max-video-preview:-1"},"canonical":"https:\/\/natrue.org\/fr\/advocacy-research\/","og_locale":"fr_FR","og_type":"article","og_title":"Plaidoyer et Recherche | NATRUE","og_description":"\u00c0 ce jour, il n\u2019existe pas de d\u00e9finition r\u00e9glementaire officielle pour les cosm\u00e9tiques naturels et biologiques. Il existe des normes priv\u00e9es, mais avant toute chose, l&#8217;exigence de base est que tout produit cosm\u00e9tique doit d&#8217;abord \u00eatre conforme au r\u00e8glement de l&#8217;UE sur les cosm\u00e9tiques (EC) N\u00b0 1223\/2009 du Parlement Europ\u00e9en datant du 30 Novembre 2009. Les ingr\u00e9dients biologiques etant eux r\u00e9gis par le r\u00e8glement (CE) N\u00b0 834\/2007 du Conseil Europ\u00e9en sur l&#8217;agriculture biologique.","og_url":"https:\/\/natrue.org\/fr\/advocacy-research\/","og_site_name":"NATRUE","article_modified_time":"2025-09-03T13:23:30+00:00","twitter_card":"summary_large_image","twitter_misc":{"Est. reading time":"1 minute"},"schema":{"@context":"https:\/\/schema.org","@graph":[{"@type":"WebPage","@id":"https:\/\/natrue.org\/fr\/advocacy-research\/","url":"https:\/\/natrue.org\/fr\/advocacy-research\/","name":"Plaidoyer et Recherche | NATRUE","isPartOf":{"@id":"https:\/\/natrue.org\/fr\/#website"},"datePublished":"2019-01-25T13:41:20+00:00","dateModified":"2025-09-03T13:23:30+00:00","breadcrumb":{"@id":"https:\/\/natrue.org\/fr\/advocacy-research\/#breadcrumb"},"inLanguage":"fr-FR","potentialAction":[{"@type":"ReadAction","target":["https:\/\/natrue.org\/fr\/advocacy-research\/"]}]},{"@type":"BreadcrumbList","@id":"https:\/\/natrue.org\/fr\/advocacy-research\/#breadcrumb","itemListElement":[{"@type":"ListItem","position":1,"name":"Home","item":"https:\/\/natrue.org\/fr\/"},{"@type":"ListItem","position":2,"name":"Plaidoyer et Recherche"}]},{"@type":"WebSite","@id":"https:\/\/natrue.org\/fr\/#website","url":"https:\/\/natrue.org\/fr\/","name":"NATRUE","description":"Natural and Organic Cosmetics","potentialAction":[{"@type":"SearchAction","target":{"@type":"EntryPoint","urlTemplate":"https:\/\/natrue.org\/fr\/?s={search_term_string}"},"query-input":"required name=search_term_string"}],"inLanguage":"fr-FR"}]}},"_links":{"self":[{"href":"https:\/\/natrue.org\/fr\/wp-json\/wp\/v2\/pages\/1260","targetHints":{"allow":["GET"]}}],"collection":[{"href":"https:\/\/natrue.org\/fr\/wp-json\/wp\/v2\/pages"}],"about":[{"href":"https:\/\/natrue.org\/fr\/wp-json\/wp\/v2\/types\/page"}],"author":[{"embeddable":true,"href":"https:\/\/natrue.org\/fr\/wp-json\/wp\/v2\/users\/1"}],"replies":[{"embeddable":true,"href":"https:\/\/natrue.org\/fr\/wp-json\/wp\/v2\/comments?post=1260"}],"version-history":[{"count":3,"href":"https:\/\/natrue.org\/fr\/wp-json\/wp\/v2\/pages\/1260\/revisions"}],"predecessor-version":[{"id":32179,"href":"https:\/\/natrue.org\/fr\/wp-json\/wp\/v2\/pages\/1260\/revisions\/32179"}],"wp:attachment":[{"href":"https:\/\/natrue.org\/fr\/wp-json\/wp\/v2\/media?parent=1260"}],"curies":[{"name":"wp","href":"https:\/\/api.w.org\/{rel}","templated":true}]}}