{"id":1262,"date":"2019-01-25T13:40:55","date_gmt":"2019-01-25T13:40:55","guid":{"rendered":"http:\/\/natrue.website.starringjane.com\/who-we-are\/"},"modified":"2025-09-03T15:33:58","modified_gmt":"2025-09-03T13:33:58","slug":"about-us","status":"publish","type":"page","link":"https:\/\/natrue.org\/fr\/about-us\/","title":{"rendered":"\u00c0 propos de nous"},"content":{"rendered":"<p style=\"text-align: justify;\"><span class=\"tlid-translation translation\" lang=\"fr\"><span title=\"\">NATRUE est une association internationale \u00e0 but non lucratif bas\u00e9e \u00e0 Bruxelles, engag\u00e9e dans la promotion et la protection des cosm\u00e9tiques naturels et biologiques \u00e0 travers le monde.<\/span> <span class=\"\" title=\"\">Fond\u00e9e en 2007, nous accueillons tous<\/span><\/span><span class=\"tlid-translation translation\" lang=\"fr\"><span class=\"\" title=\"\"> ceux qui adh\u00e8rent \u00e0 notre norme de qualit\u00e9 et \u00e0 nos valeurs.<\/span><\/span><\/p>\n","protected":false},"excerpt":{"rendered":"<p>NATRUE est une association internationale \u00e0 but non lucratif bas\u00e9e \u00e0 Bruxelles, engag\u00e9e dans la promotion et la protection des cosm\u00e9tiques naturels et biologiques \u00e0 travers le monde. Fond\u00e9e en 2007, nous accueillons tous ceux qui adh\u00e8rent \u00e0 notre norme de qualit\u00e9 et \u00e0 nos valeurs.<\/p>\n","protected":false},"author":1,"featured_media":0,"parent":0,"menu_order":113,"comment_status":"closed","ping_status":"closed","template":"controllers\/template-parent.php","meta":{"_acf_changed":false,"inline_featured_image":false,"footnotes":""},"class_list":["post-1262","page","type-page","status-publish","hentry"],"acf":[],"yoast_head":"<!-- This site is optimized with the Yoast SEO plugin v21.9.1 - https:\/\/yoast.com\/wordpress\/plugins\/seo\/ -->\n<title>\u00c0 propos de nous | NATRUE<\/title>\n<meta name=\"description\" content=\"D\u00e9couvrez NATRUE, notre mission, nos valeurs et notre engagement envers les cosm\u00e9tiques naturels et biologiques.\" \/>\n<meta name=\"robots\" content=\"index, follow, max-snippet:-1, max-image-preview:large, max-video-preview:-1\" \/>\n<link rel=\"canonical\" href=\"https:\/\/natrue.org\/fr\/about-us\/\" \/>\n<meta property=\"og:locale\" content=\"fr_FR\" \/>\n<meta property=\"og:type\" content=\"article\" \/>\n<meta property=\"og:title\" content=\"\u00c0 propos de nous | NATRUE\" \/>\n<meta property=\"og:description\" content=\"D\u00e9couvrez NATRUE, notre mission, nos valeurs et notre engagement envers les cosm\u00e9tiques naturels et biologiques.\" \/>\n<meta property=\"og:url\" content=\"https:\/\/natrue.org\/fr\/about-us\/\" \/>\n<meta property=\"og:site_name\" content=\"NATRUE\" \/>\n<meta property=\"article:modified_time\" content=\"2025-09-03T13:33:58+00:00\" \/>\n<meta name=\"twitter:card\" content=\"summary_large_image\" \/>\n<meta name=\"twitter:label1\" content=\"Est. reading time\" \/>\n\t<meta name=\"twitter:data1\" content=\"1 minute\" \/>\n<script type=\"application\/ld+json\" class=\"yoast-schema-graph\">{\"@context\":\"https:\/\/schema.org\",\"@graph\":[{\"@type\":\"WebPage\",\"@id\":\"https:\/\/natrue.org\/fr\/about-us\/\",\"url\":\"https:\/\/natrue.org\/fr\/about-us\/\",\"name\":\"\u00c0 propos de nous | NATRUE\",\"isPartOf\":{\"@id\":\"https:\/\/natrue.org\/fr\/#website\"},\"datePublished\":\"2019-01-25T13:40:55+00:00\",\"dateModified\":\"2025-09-03T13:33:58+00:00\",\"description\":\"D\u00e9couvrez NATRUE, notre mission, nos valeurs et notre engagement envers les cosm\u00e9tiques naturels et biologiques.\",\"breadcrumb\":{\"@id\":\"https:\/\/natrue.org\/fr\/about-us\/#breadcrumb\"},\"inLanguage\":\"fr-FR\",\"potentialAction\":[{\"@type\":\"ReadAction\",\"target\":[\"https:\/\/natrue.org\/fr\/about-us\/\"]}]},{\"@type\":\"BreadcrumbList\",\"@id\":\"https:\/\/natrue.org\/fr\/about-us\/#breadcrumb\",\"itemListElement\":[{\"@type\":\"ListItem\",\"position\":1,\"name\":\"Home\",\"item\":\"https:\/\/natrue.org\/fr\/\"},{\"@type\":\"ListItem\",\"position\":2,\"name\":\"\u00c0 propos de nous\"}]},{\"@type\":\"WebSite\",\"@id\":\"https:\/\/natrue.org\/fr\/#website\",\"url\":\"https:\/\/natrue.org\/fr\/\",\"name\":\"NATRUE\",\"description\":\"Natural and Organic Cosmetics\",\"potentialAction\":[{\"@type\":\"SearchAction\",\"target\":{\"@type\":\"EntryPoint\",\"urlTemplate\":\"https:\/\/natrue.org\/fr\/?s={search_term_string}\"},\"query-input\":\"required name=search_term_string\"}],\"inLanguage\":\"fr-FR\"}]}<\/script>\n<!-- \/ Yoast SEO plugin. -->","yoast_head_json":{"title":"\u00c0 propos de nous | NATRUE","description":"D\u00e9couvrez NATRUE, notre mission, nos valeurs et notre engagement envers les cosm\u00e9tiques naturels et biologiques.","robots":{"index":"index","follow":"follow","max-snippet":"max-snippet:-1","max-image-preview":"max-image-preview:large","max-video-preview":"max-video-preview:-1"},"canonical":"https:\/\/natrue.org\/fr\/about-us\/","og_locale":"fr_FR","og_type":"article","og_title":"\u00c0 propos de nous | NATRUE","og_description":"D\u00e9couvrez NATRUE, notre mission, nos valeurs et notre engagement envers les cosm\u00e9tiques naturels et biologiques.","og_url":"https:\/\/natrue.org\/fr\/about-us\/","og_site_name":"NATRUE","article_modified_time":"2025-09-03T13:33:58+00:00","twitter_card":"summary_large_image","twitter_misc":{"Est. reading time":"1 minute"},"schema":{"@context":"https:\/\/schema.org","@graph":[{"@type":"WebPage","@id":"https:\/\/natrue.org\/fr\/about-us\/","url":"https:\/\/natrue.org\/fr\/about-us\/","name":"\u00c0 propos de nous | NATRUE","isPartOf":{"@id":"https:\/\/natrue.org\/fr\/#website"},"datePublished":"2019-01-25T13:40:55+00:00","dateModified":"2025-09-03T13:33:58+00:00","description":"D\u00e9couvrez NATRUE, notre mission, nos valeurs et notre engagement envers les cosm\u00e9tiques naturels et biologiques.","breadcrumb":{"@id":"https:\/\/natrue.org\/fr\/about-us\/#breadcrumb"},"inLanguage":"fr-FR","potentialAction":[{"@type":"ReadAction","target":["https:\/\/natrue.org\/fr\/about-us\/"]}]},{"@type":"BreadcrumbList","@id":"https:\/\/natrue.org\/fr\/about-us\/#breadcrumb","itemListElement":[{"@type":"ListItem","position":1,"name":"Home","item":"https:\/\/natrue.org\/fr\/"},{"@type":"ListItem","position":2,"name":"\u00c0 propos de nous"}]},{"@type":"WebSite","@id":"https:\/\/natrue.org\/fr\/#website","url":"https:\/\/natrue.org\/fr\/","name":"NATRUE","description":"Natural and Organic Cosmetics","potentialAction":[{"@type":"SearchAction","target":{"@type":"EntryPoint","urlTemplate":"https:\/\/natrue.org\/fr\/?s={search_term_string}"},"query-input":"required name=search_term_string"}],"inLanguage":"fr-FR"}]}},"_links":{"self":[{"href":"https:\/\/natrue.org\/fr\/wp-json\/wp\/v2\/pages\/1262","targetHints":{"allow":["GET"]}}],"collection":[{"href":"https:\/\/natrue.org\/fr\/wp-json\/wp\/v2\/pages"}],"about":[{"href":"https:\/\/natrue.org\/fr\/wp-json\/wp\/v2\/types\/page"}],"author":[{"embeddable":true,"href":"https:\/\/natrue.org\/fr\/wp-json\/wp\/v2\/users\/1"}],"replies":[{"embeddable":true,"href":"https:\/\/natrue.org\/fr\/wp-json\/wp\/v2\/comments?post=1262"}],"version-history":[{"count":3,"href":"https:\/\/natrue.org\/fr\/wp-json\/wp\/v2\/pages\/1262\/revisions"}],"predecessor-version":[{"id":32187,"href":"https:\/\/natrue.org\/fr\/wp-json\/wp\/v2\/pages\/1262\/revisions\/32187"}],"wp:attachment":[{"href":"https:\/\/natrue.org\/fr\/wp-json\/wp\/v2\/media?parent=1262"}],"curies":[{"name":"wp","href":"https:\/\/api.w.org\/{rel}","templated":true}]}}