{"id":1315,"date":"2019-02-05T15:30:50","date_gmt":"2019-02-05T15:30:50","guid":{"rendered":"http:\/\/natrue.website.starringjane.com\/who-we-are\/organisation\/"},"modified":"2025-08-25T15:09:11","modified_gmt":"2025-08-25T13:09:11","slug":"organisation","status":"publish","type":"page","link":"https:\/\/natrue.org\/fr\/about-us\/organisation\/","title":{"rendered":"Structure Organisationnelle"},"content":{"rendered":"","protected":false},"excerpt":{"rendered":"","protected":false},"author":1,"featured_media":113,"parent":1262,"menu_order":6,"comment_status":"closed","ping_status":"closed","template":"","meta":{"_acf_changed":false,"inline_featured_image":false,"footnotes":""},"class_list":["post-1315","page","type-page","status-publish","has-post-thumbnail","hentry"],"acf":[],"yoast_head":"<!-- This site is optimized with the Yoast SEO plugin v21.9.1 - https:\/\/yoast.com\/wordpress\/plugins\/seo\/ -->\n<title>Structure Organisationnelle | NATRUE<\/title>\n<meta name=\"description\" content=\"D\u00e9couvrez la structure organisationnelle de NATRUE, son \u00e9quipe et ses fonctions cl\u00e9s pour un fonctionnement efficace et transparent.\" \/>\n<meta name=\"robots\" content=\"index, follow, max-snippet:-1, max-image-preview:large, max-video-preview:-1\" \/>\n<link rel=\"canonical\" href=\"https:\/\/natrue.org\/fr\/about-us\/organisation\/\" \/>\n<meta property=\"og:locale\" content=\"fr_FR\" \/>\n<meta property=\"og:type\" content=\"article\" \/>\n<meta property=\"og:title\" content=\"Structure Organisationnelle | NATRUE\" \/>\n<meta property=\"og:description\" content=\"D\u00e9couvrez la structure organisationnelle de NATRUE, son \u00e9quipe et ses fonctions cl\u00e9s pour un fonctionnement efficace et transparent.\" \/>\n<meta property=\"og:url\" content=\"https:\/\/natrue.org\/fr\/about-us\/organisation\/\" \/>\n<meta property=\"og:site_name\" content=\"NATRUE\" \/>\n<meta property=\"article:modified_time\" content=\"2025-08-25T13:09:11+00:00\" \/>\n<meta property=\"og:image\" content=\"https:\/\/natrue.org\/uploads\/2019\/01\/pexels-photo-872955.jpg\" \/>\n\t<meta property=\"og:image:width\" content=\"1124\" \/>\n\t<meta property=\"og:image:height\" content=\"750\" \/>\n\t<meta property=\"og:image:type\" content=\"image\/jpeg\" \/>\n<meta name=\"twitter:card\" content=\"summary_large_image\" \/>\n<meta name=\"twitter:label1\" content=\"Est. reading time\" \/>\n\t<meta name=\"twitter:data1\" content=\"1 minute\" \/>\n<script type=\"application\/ld+json\" class=\"yoast-schema-graph\">{\"@context\":\"https:\/\/schema.org\",\"@graph\":[{\"@type\":\"WebPage\",\"@id\":\"https:\/\/natrue.org\/fr\/about-us\/organisation\/\",\"url\":\"https:\/\/natrue.org\/fr\/about-us\/organisation\/\",\"name\":\"Structure Organisationnelle | NATRUE\",\"isPartOf\":{\"@id\":\"https:\/\/natrue.org\/fr\/#website\"},\"datePublished\":\"2019-02-05T15:30:50+00:00\",\"dateModified\":\"2025-08-25T13:09:11+00:00\",\"description\":\"D\u00e9couvrez la structure organisationnelle de NATRUE, son \u00e9quipe et ses fonctions cl\u00e9s pour un fonctionnement efficace et transparent.\",\"breadcrumb\":{\"@id\":\"https:\/\/natrue.org\/fr\/about-us\/organisation\/#breadcrumb\"},\"inLanguage\":\"fr-FR\",\"potentialAction\":[{\"@type\":\"ReadAction\",\"target\":[\"https:\/\/natrue.org\/fr\/about-us\/organisation\/\"]}]},{\"@type\":\"BreadcrumbList\",\"@id\":\"https:\/\/natrue.org\/fr\/about-us\/organisation\/#breadcrumb\",\"itemListElement\":[{\"@type\":\"ListItem\",\"position\":1,\"name\":\"Home\",\"item\":\"https:\/\/natrue.org\/fr\/\"},{\"@type\":\"ListItem\",\"position\":2,\"name\":\"\u00c0 propos de nous\",\"item\":\"https:\/\/natrue.org\/fr\/about-us\/\"},{\"@type\":\"ListItem\",\"position\":3,\"name\":\"Structure Organisationnelle\"}]},{\"@type\":\"WebSite\",\"@id\":\"https:\/\/natrue.org\/fr\/#website\",\"url\":\"https:\/\/natrue.org\/fr\/\",\"name\":\"NATRUE\",\"description\":\"Natural and Organic Cosmetics\",\"potentialAction\":[{\"@type\":\"SearchAction\",\"target\":{\"@type\":\"EntryPoint\",\"urlTemplate\":\"https:\/\/natrue.org\/fr\/?s={search_term_string}\"},\"query-input\":\"required name=search_term_string\"}],\"inLanguage\":\"fr-FR\"}]}<\/script>\n<!-- \/ Yoast SEO plugin. -->","yoast_head_json":{"title":"Structure Organisationnelle | NATRUE","description":"D\u00e9couvrez la structure organisationnelle de NATRUE, son \u00e9quipe et ses fonctions cl\u00e9s pour un fonctionnement efficace et transparent.","robots":{"index":"index","follow":"follow","max-snippet":"max-snippet:-1","max-image-preview":"max-image-preview:large","max-video-preview":"max-video-preview:-1"},"canonical":"https:\/\/natrue.org\/fr\/about-us\/organisation\/","og_locale":"fr_FR","og_type":"article","og_title":"Structure Organisationnelle | NATRUE","og_description":"D\u00e9couvrez la structure organisationnelle de NATRUE, son \u00e9quipe et ses fonctions cl\u00e9s pour un fonctionnement efficace et transparent.","og_url":"https:\/\/natrue.org\/fr\/about-us\/organisation\/","og_site_name":"NATRUE","article_modified_time":"2025-08-25T13:09:11+00:00","og_image":[{"width":1124,"height":750,"url":"https:\/\/natrue.org\/uploads\/2019\/01\/pexels-photo-872955.jpg","type":"image\/jpeg"}],"twitter_card":"summary_large_image","twitter_misc":{"Est. reading time":"1 minute"},"schema":{"@context":"https:\/\/schema.org","@graph":[{"@type":"WebPage","@id":"https:\/\/natrue.org\/fr\/about-us\/organisation\/","url":"https:\/\/natrue.org\/fr\/about-us\/organisation\/","name":"Structure Organisationnelle | NATRUE","isPartOf":{"@id":"https:\/\/natrue.org\/fr\/#website"},"datePublished":"2019-02-05T15:30:50+00:00","dateModified":"2025-08-25T13:09:11+00:00","description":"D\u00e9couvrez la structure organisationnelle de NATRUE, son \u00e9quipe et ses fonctions cl\u00e9s pour un fonctionnement efficace et transparent.","breadcrumb":{"@id":"https:\/\/natrue.org\/fr\/about-us\/organisation\/#breadcrumb"},"inLanguage":"fr-FR","potentialAction":[{"@type":"ReadAction","target":["https:\/\/natrue.org\/fr\/about-us\/organisation\/"]}]},{"@type":"BreadcrumbList","@id":"https:\/\/natrue.org\/fr\/about-us\/organisation\/#breadcrumb","itemListElement":[{"@type":"ListItem","position":1,"name":"Home","item":"https:\/\/natrue.org\/fr\/"},{"@type":"ListItem","position":2,"name":"\u00c0 propos de nous","item":"https:\/\/natrue.org\/fr\/about-us\/"},{"@type":"ListItem","position":3,"name":"Structure Organisationnelle"}]},{"@type":"WebSite","@id":"https:\/\/natrue.org\/fr\/#website","url":"https:\/\/natrue.org\/fr\/","name":"NATRUE","description":"Natural and Organic Cosmetics","potentialAction":[{"@type":"SearchAction","target":{"@type":"EntryPoint","urlTemplate":"https:\/\/natrue.org\/fr\/?s={search_term_string}"},"query-input":"required name=search_term_string"}],"inLanguage":"fr-FR"}]}},"_links":{"self":[{"href":"https:\/\/natrue.org\/fr\/wp-json\/wp\/v2\/pages\/1315","targetHints":{"allow":["GET"]}}],"collection":[{"href":"https:\/\/natrue.org\/fr\/wp-json\/wp\/v2\/pages"}],"about":[{"href":"https:\/\/natrue.org\/fr\/wp-json\/wp\/v2\/types\/page"}],"author":[{"embeddable":true,"href":"https:\/\/natrue.org\/fr\/wp-json\/wp\/v2\/users\/1"}],"replies":[{"embeddable":true,"href":"https:\/\/natrue.org\/fr\/wp-json\/wp\/v2\/comments?post=1315"}],"version-history":[{"count":2,"href":"https:\/\/natrue.org\/fr\/wp-json\/wp\/v2\/pages\/1315\/revisions"}],"predecessor-version":[{"id":31943,"href":"https:\/\/natrue.org\/fr\/wp-json\/wp\/v2\/pages\/1315\/revisions\/31943"}],"up":[{"embeddable":true,"href":"https:\/\/natrue.org\/fr\/wp-json\/wp\/v2\/pages\/1262"}],"wp:featuredmedia":[{"embeddable":true,"href":"https:\/\/natrue.org\/fr\/wp-json\/wp\/v2\/media\/113"}],"wp:attachment":[{"href":"https:\/\/natrue.org\/fr\/wp-json\/wp\/v2\/media?parent=1315"}],"curies":[{"name":"wp","href":"https:\/\/api.w.org\/{rel}","templated":true}]}}