{"id":1323,"date":"2019-02-08T11:01:19","date_gmt":"2019-02-08T11:01:19","guid":{"rendered":"http:\/\/natrue.website.starringjane.com\/who-we-are\/pr-agencies\/"},"modified":"2025-09-02T17:40:20","modified_gmt":"2025-09-02T15:40:20","slug":"pr-agencies","status":"publish","type":"page","link":"https:\/\/natrue.org\/fr\/media-hub\/pr-agencies\/","title":{"rendered":"Contact Presse"},"content":{"rendered":"","protected":false},"excerpt":{"rendered":"","protected":false},"author":2,"featured_media":32116,"parent":31895,"menu_order":4,"comment_status":"closed","ping_status":"closed","template":"","meta":{"_acf_changed":false,"inline_featured_image":false,"footnotes":""},"class_list":["post-1323","page","type-page","status-publish","has-post-thumbnail","hentry"],"acf":[],"yoast_head":"<!-- This site is optimized with the Yoast SEO plugin v21.9.1 - https:\/\/yoast.com\/wordpress\/plugins\/seo\/ -->\n<title>Contact Presse | NATRUE<\/title>\n<meta name=\"description\" content=\"Contactez l\u2019\u00e9quipe PR de NATRUE ou Paula G\u00f3mez de Tejada pour vos demandes de presse. Acc\u00e9dez \u00e0 tous les supports et ressources de communication pour journalistes, r\u00e9dacteurs et blogueurs.\" \/>\n<meta name=\"robots\" content=\"index, follow, max-snippet:-1, max-image-preview:large, max-video-preview:-1\" \/>\n<link rel=\"canonical\" href=\"https:\/\/natrue.org\/fr\/media-hub\/pr-agencies\/\" \/>\n<meta property=\"og:locale\" content=\"fr_FR\" \/>\n<meta property=\"og:type\" content=\"article\" \/>\n<meta property=\"og:title\" content=\"Contact Presse | NATRUE\" \/>\n<meta property=\"og:description\" content=\"Contactez l\u2019\u00e9quipe PR de NATRUE ou Paula G\u00f3mez de Tejada pour vos demandes de presse. Acc\u00e9dez \u00e0 tous les supports et ressources de communication pour journalistes, r\u00e9dacteurs et blogueurs.\" \/>\n<meta property=\"og:url\" content=\"https:\/\/natrue.org\/fr\/media-hub\/pr-agencies\/\" \/>\n<meta property=\"og:site_name\" content=\"NATRUE\" \/>\n<meta property=\"article:modified_time\" content=\"2025-09-02T15:40:20+00:00\" \/>\n<meta property=\"og:image\" content=\"https:\/\/natrue.org\/uploads\/2025\/09\/pexels-brotin-biswas-158640-518543-1024x683.jpg\" \/>\n\t<meta property=\"og:image:width\" content=\"1024\" \/>\n\t<meta property=\"og:image:height\" content=\"683\" \/>\n\t<meta property=\"og:image:type\" content=\"image\/jpeg\" \/>\n<meta name=\"twitter:card\" content=\"summary_large_image\" \/>\n<meta name=\"twitter:label1\" content=\"Est. reading time\" \/>\n\t<meta name=\"twitter:data1\" content=\"1 minute\" \/>\n<script type=\"application\/ld+json\" class=\"yoast-schema-graph\">{\"@context\":\"https:\/\/schema.org\",\"@graph\":[{\"@type\":\"WebPage\",\"@id\":\"https:\/\/natrue.org\/fr\/media-hub\/pr-agencies\/\",\"url\":\"https:\/\/natrue.org\/fr\/media-hub\/pr-agencies\/\",\"name\":\"Contact Presse | NATRUE\",\"isPartOf\":{\"@id\":\"https:\/\/natrue.org\/fr\/#website\"},\"datePublished\":\"2019-02-08T11:01:19+00:00\",\"dateModified\":\"2025-09-02T15:40:20+00:00\",\"description\":\"Contactez l\u2019\u00e9quipe PR de NATRUE ou Paula G\u00f3mez de Tejada pour vos demandes de presse. Acc\u00e9dez \u00e0 tous les supports et ressources de communication pour journalistes, r\u00e9dacteurs et blogueurs.\",\"breadcrumb\":{\"@id\":\"https:\/\/natrue.org\/fr\/media-hub\/pr-agencies\/#breadcrumb\"},\"inLanguage\":\"fr-FR\",\"potentialAction\":[{\"@type\":\"ReadAction\",\"target\":[\"https:\/\/natrue.org\/fr\/media-hub\/pr-agencies\/\"]}]},{\"@type\":\"BreadcrumbList\",\"@id\":\"https:\/\/natrue.org\/fr\/media-hub\/pr-agencies\/#breadcrumb\",\"itemListElement\":[{\"@type\":\"ListItem\",\"position\":1,\"name\":\"Home\",\"item\":\"https:\/\/natrue.org\/fr\/\"},{\"@type\":\"ListItem\",\"position\":2,\"name\":\"\u00c0 propos de nous\",\"item\":\"https:\/\/natrue.org\/fr\/about-us\/\"},{\"@type\":\"ListItem\",\"position\":3,\"name\":\"Contact Presse\"}]},{\"@type\":\"WebSite\",\"@id\":\"https:\/\/natrue.org\/fr\/#website\",\"url\":\"https:\/\/natrue.org\/fr\/\",\"name\":\"NATRUE\",\"description\":\"Natural and Organic Cosmetics\",\"potentialAction\":[{\"@type\":\"SearchAction\",\"target\":{\"@type\":\"EntryPoint\",\"urlTemplate\":\"https:\/\/natrue.org\/fr\/?s={search_term_string}\"},\"query-input\":\"required name=search_term_string\"}],\"inLanguage\":\"fr-FR\"}]}<\/script>\n<!-- \/ Yoast SEO plugin. -->","yoast_head_json":{"title":"Contact Presse | NATRUE","description":"Contactez l\u2019\u00e9quipe PR de NATRUE ou Paula G\u00f3mez de Tejada pour vos demandes de presse. Acc\u00e9dez \u00e0 tous les supports et ressources de communication pour journalistes, r\u00e9dacteurs et blogueurs.","robots":{"index":"index","follow":"follow","max-snippet":"max-snippet:-1","max-image-preview":"max-image-preview:large","max-video-preview":"max-video-preview:-1"},"canonical":"https:\/\/natrue.org\/fr\/media-hub\/pr-agencies\/","og_locale":"fr_FR","og_type":"article","og_title":"Contact Presse | NATRUE","og_description":"Contactez l\u2019\u00e9quipe PR de NATRUE ou Paula G\u00f3mez de Tejada pour vos demandes de presse. Acc\u00e9dez \u00e0 tous les supports et ressources de communication pour journalistes, r\u00e9dacteurs et blogueurs.","og_url":"https:\/\/natrue.org\/fr\/media-hub\/pr-agencies\/","og_site_name":"NATRUE","article_modified_time":"2025-09-02T15:40:20+00:00","og_image":[{"width":1024,"height":683,"url":"https:\/\/natrue.org\/uploads\/2025\/09\/pexels-brotin-biswas-158640-518543-1024x683.jpg","type":"image\/jpeg"}],"twitter_card":"summary_large_image","twitter_misc":{"Est. reading time":"1 minute"},"schema":{"@context":"https:\/\/schema.org","@graph":[{"@type":"WebPage","@id":"https:\/\/natrue.org\/fr\/media-hub\/pr-agencies\/","url":"https:\/\/natrue.org\/fr\/media-hub\/pr-agencies\/","name":"Contact Presse | NATRUE","isPartOf":{"@id":"https:\/\/natrue.org\/fr\/#website"},"datePublished":"2019-02-08T11:01:19+00:00","dateModified":"2025-09-02T15:40:20+00:00","description":"Contactez l\u2019\u00e9quipe PR de NATRUE ou Paula G\u00f3mez de Tejada pour vos demandes de presse. Acc\u00e9dez \u00e0 tous les supports et ressources de communication pour journalistes, r\u00e9dacteurs et blogueurs.","breadcrumb":{"@id":"https:\/\/natrue.org\/fr\/media-hub\/pr-agencies\/#breadcrumb"},"inLanguage":"fr-FR","potentialAction":[{"@type":"ReadAction","target":["https:\/\/natrue.org\/fr\/media-hub\/pr-agencies\/"]}]},{"@type":"BreadcrumbList","@id":"https:\/\/natrue.org\/fr\/media-hub\/pr-agencies\/#breadcrumb","itemListElement":[{"@type":"ListItem","position":1,"name":"Home","item":"https:\/\/natrue.org\/fr\/"},{"@type":"ListItem","position":2,"name":"\u00c0 propos de nous","item":"https:\/\/natrue.org\/fr\/about-us\/"},{"@type":"ListItem","position":3,"name":"Contact Presse"}]},{"@type":"WebSite","@id":"https:\/\/natrue.org\/fr\/#website","url":"https:\/\/natrue.org\/fr\/","name":"NATRUE","description":"Natural and Organic Cosmetics","potentialAction":[{"@type":"SearchAction","target":{"@type":"EntryPoint","urlTemplate":"https:\/\/natrue.org\/fr\/?s={search_term_string}"},"query-input":"required name=search_term_string"}],"inLanguage":"fr-FR"}]}},"_links":{"self":[{"href":"https:\/\/natrue.org\/fr\/wp-json\/wp\/v2\/pages\/1323","targetHints":{"allow":["GET"]}}],"collection":[{"href":"https:\/\/natrue.org\/fr\/wp-json\/wp\/v2\/pages"}],"about":[{"href":"https:\/\/natrue.org\/fr\/wp-json\/wp\/v2\/types\/page"}],"author":[{"embeddable":true,"href":"https:\/\/natrue.org\/fr\/wp-json\/wp\/v2\/users\/2"}],"replies":[{"embeddable":true,"href":"https:\/\/natrue.org\/fr\/wp-json\/wp\/v2\/comments?post=1323"}],"version-history":[{"count":3,"href":"https:\/\/natrue.org\/fr\/wp-json\/wp\/v2\/pages\/1323\/revisions"}],"predecessor-version":[{"id":32150,"href":"https:\/\/natrue.org\/fr\/wp-json\/wp\/v2\/pages\/1323\/revisions\/32150"}],"up":[{"embeddable":true,"href":"https:\/\/natrue.org\/fr\/wp-json\/wp\/v2\/pages\/31895"}],"wp:featuredmedia":[{"embeddable":true,"href":"https:\/\/natrue.org\/fr\/wp-json\/wp\/v2\/media\/32116"}],"wp:attachment":[{"href":"https:\/\/natrue.org\/fr\/wp-json\/wp\/v2\/media?parent=1323"}],"curies":[{"name":"wp","href":"https:\/\/api.w.org\/{rel}","templated":true}]}}