{"id":31895,"date":"2025-08-25T13:22:39","date_gmt":"2025-08-25T11:22:39","guid":{"rendered":"https:\/\/natrue.org\/media-hub\/"},"modified":"2025-09-03T15:38:42","modified_gmt":"2025-09-03T13:38:42","slug":"media-hub","status":"publish","type":"page","link":"https:\/\/natrue.org\/fr\/media-hub\/","title":{"rendered":"Media Hub"},"content":{"rendered":"<p style=\"text-align: justify;\">Bienvenue sur le <strong>Media Hub de NATRUE<\/strong>. Vous y trouverez toutes les derni\u00e8res actualit\u00e9s, contacts presse, rapports annuels, documents de communication et informations sur la Natural Cosmetics Week. Cette page est con\u00e7ue pour offrir aux journalistes, partenaires et \u00e0 toute personne int\u00e9ress\u00e9e un acc\u00e8s facile \u00e0 nos ressources m\u00e9dias les plus importantes.<\/p>\n","protected":false},"excerpt":{"rendered":"<p>Bienvenue sur le Media Hub de NATRUE. Vous y trouverez toutes les derni\u00e8res actualit\u00e9s, contacts presse, rapports annuels, documents de communication et informations sur la Natural Cosmetics Week. Cette page est con\u00e7ue pour offrir aux journalistes, partenaires et \u00e0 toute personne int\u00e9ress\u00e9e un acc\u00e8s facile \u00e0 nos ressources m\u00e9dias les plus importantes.<\/p>\n","protected":false},"author":2,"featured_media":0,"parent":0,"menu_order":0,"comment_status":"closed","ping_status":"closed","template":"controllers\/template-parent.php","meta":{"_acf_changed":false,"inline_featured_image":false,"footnotes":""},"class_list":["post-31895","page","type-page","status-publish","hentry"],"acf":[],"yoast_head":"<!-- This site is optimized with the Yoast SEO plugin v21.9.1 - https:\/\/yoast.com\/wordpress\/plugins\/seo\/ -->\n<title>Media Hub NATRUE \u2013 Actualit\u00e9s et Ressources Presse<\/title>\n<meta name=\"description\" content=\"D\u00e9couvrez le Media Hub de NATRUE pour les actualit\u00e9s, contacts presse, rapports annuels, documents de communication et informations sur la Natural Cosmetics Week.\" \/>\n<meta name=\"robots\" content=\"index, follow, max-snippet:-1, max-image-preview:large, max-video-preview:-1\" \/>\n<link rel=\"canonical\" href=\"https:\/\/natrue.org\/fr\/media-hub\/\" \/>\n<meta property=\"og:locale\" content=\"fr_FR\" \/>\n<meta property=\"og:type\" content=\"article\" \/>\n<meta property=\"og:title\" content=\"Media Hub NATRUE \u2013 Actualit\u00e9s et Ressources Presse\" \/>\n<meta property=\"og:description\" content=\"D\u00e9couvrez le Media Hub de NATRUE pour les actualit\u00e9s, contacts presse, rapports annuels, documents de communication et informations sur la Natural Cosmetics Week.\" \/>\n<meta property=\"og:url\" content=\"https:\/\/natrue.org\/fr\/media-hub\/\" \/>\n<meta property=\"og:site_name\" content=\"NATRUE\" \/>\n<meta property=\"article:modified_time\" content=\"2025-09-03T13:38:42+00:00\" \/>\n<meta name=\"twitter:card\" content=\"summary_large_image\" \/>\n<meta name=\"twitter:label1\" content=\"Est. reading time\" \/>\n\t<meta name=\"twitter:data1\" content=\"1 minute\" \/>\n<script type=\"application\/ld+json\" class=\"yoast-schema-graph\">{\"@context\":\"https:\/\/schema.org\",\"@graph\":[{\"@type\":\"WebPage\",\"@id\":\"https:\/\/natrue.org\/fr\/media-hub\/\",\"url\":\"https:\/\/natrue.org\/fr\/media-hub\/\",\"name\":\"Media Hub NATRUE \u2013 Actualit\u00e9s et Ressources Presse\",\"isPartOf\":{\"@id\":\"https:\/\/natrue.org\/fr\/#website\"},\"datePublished\":\"2025-08-25T11:22:39+00:00\",\"dateModified\":\"2025-09-03T13:38:42+00:00\",\"description\":\"D\u00e9couvrez le Media Hub de NATRUE pour les actualit\u00e9s, contacts presse, rapports annuels, documents de communication et informations sur la Natural Cosmetics Week.\",\"breadcrumb\":{\"@id\":\"https:\/\/natrue.org\/fr\/media-hub\/#breadcrumb\"},\"inLanguage\":\"fr-FR\",\"potentialAction\":[{\"@type\":\"ReadAction\",\"target\":[\"https:\/\/natrue.org\/fr\/media-hub\/\"]}]},{\"@type\":\"BreadcrumbList\",\"@id\":\"https:\/\/natrue.org\/fr\/media-hub\/#breadcrumb\",\"itemListElement\":[{\"@type\":\"ListItem\",\"position\":1,\"name\":\"Home\",\"item\":\"https:\/\/natrue.org\/fr\/\"},{\"@type\":\"ListItem\",\"position\":2,\"name\":\"Media Hub\"}]},{\"@type\":\"WebSite\",\"@id\":\"https:\/\/natrue.org\/fr\/#website\",\"url\":\"https:\/\/natrue.org\/fr\/\",\"name\":\"NATRUE\",\"description\":\"Natural and Organic Cosmetics\",\"potentialAction\":[{\"@type\":\"SearchAction\",\"target\":{\"@type\":\"EntryPoint\",\"urlTemplate\":\"https:\/\/natrue.org\/fr\/?s={search_term_string}\"},\"query-input\":\"required name=search_term_string\"}],\"inLanguage\":\"fr-FR\"}]}<\/script>\n<!-- \/ Yoast SEO plugin. -->","yoast_head_json":{"title":"Media Hub NATRUE \u2013 Actualit\u00e9s et Ressources Presse","description":"D\u00e9couvrez le Media Hub de NATRUE pour les actualit\u00e9s, contacts presse, rapports annuels, documents de communication et informations sur la Natural Cosmetics Week.","robots":{"index":"index","follow":"follow","max-snippet":"max-snippet:-1","max-image-preview":"max-image-preview:large","max-video-preview":"max-video-preview:-1"},"canonical":"https:\/\/natrue.org\/fr\/media-hub\/","og_locale":"fr_FR","og_type":"article","og_title":"Media Hub NATRUE \u2013 Actualit\u00e9s et Ressources Presse","og_description":"D\u00e9couvrez le Media Hub de NATRUE pour les actualit\u00e9s, contacts presse, rapports annuels, documents de communication et informations sur la Natural Cosmetics Week.","og_url":"https:\/\/natrue.org\/fr\/media-hub\/","og_site_name":"NATRUE","article_modified_time":"2025-09-03T13:38:42+00:00","twitter_card":"summary_large_image","twitter_misc":{"Est. reading time":"1 minute"},"schema":{"@context":"https:\/\/schema.org","@graph":[{"@type":"WebPage","@id":"https:\/\/natrue.org\/fr\/media-hub\/","url":"https:\/\/natrue.org\/fr\/media-hub\/","name":"Media Hub NATRUE \u2013 Actualit\u00e9s et Ressources Presse","isPartOf":{"@id":"https:\/\/natrue.org\/fr\/#website"},"datePublished":"2025-08-25T11:22:39+00:00","dateModified":"2025-09-03T13:38:42+00:00","description":"D\u00e9couvrez le Media Hub de NATRUE pour les actualit\u00e9s, contacts presse, rapports annuels, documents de communication et informations sur la Natural Cosmetics Week.","breadcrumb":{"@id":"https:\/\/natrue.org\/fr\/media-hub\/#breadcrumb"},"inLanguage":"fr-FR","potentialAction":[{"@type":"ReadAction","target":["https:\/\/natrue.org\/fr\/media-hub\/"]}]},{"@type":"BreadcrumbList","@id":"https:\/\/natrue.org\/fr\/media-hub\/#breadcrumb","itemListElement":[{"@type":"ListItem","position":1,"name":"Home","item":"https:\/\/natrue.org\/fr\/"},{"@type":"ListItem","position":2,"name":"Media Hub"}]},{"@type":"WebSite","@id":"https:\/\/natrue.org\/fr\/#website","url":"https:\/\/natrue.org\/fr\/","name":"NATRUE","description":"Natural and Organic Cosmetics","potentialAction":[{"@type":"SearchAction","target":{"@type":"EntryPoint","urlTemplate":"https:\/\/natrue.org\/fr\/?s={search_term_string}"},"query-input":"required name=search_term_string"}],"inLanguage":"fr-FR"}]}},"_links":{"self":[{"href":"https:\/\/natrue.org\/fr\/wp-json\/wp\/v2\/pages\/31895","targetHints":{"allow":["GET"]}}],"collection":[{"href":"https:\/\/natrue.org\/fr\/wp-json\/wp\/v2\/pages"}],"about":[{"href":"https:\/\/natrue.org\/fr\/wp-json\/wp\/v2\/types\/page"}],"author":[{"embeddable":true,"href":"https:\/\/natrue.org\/fr\/wp-json\/wp\/v2\/users\/2"}],"replies":[{"embeddable":true,"href":"https:\/\/natrue.org\/fr\/wp-json\/wp\/v2\/comments?post=31895"}],"version-history":[{"count":3,"href":"https:\/\/natrue.org\/fr\/wp-json\/wp\/v2\/pages\/31895\/revisions"}],"predecessor-version":[{"id":32200,"href":"https:\/\/natrue.org\/fr\/wp-json\/wp\/v2\/pages\/31895\/revisions\/32200"}],"wp:attachment":[{"href":"https:\/\/natrue.org\/fr\/wp-json\/wp\/v2\/media?parent=31895"}],"curies":[{"name":"wp","href":"https:\/\/api.w.org\/{rel}","templated":true}]}}