{"id":32537,"date":"2025-09-25T11:20:29","date_gmt":"2025-09-25T09:20:29","guid":{"rendered":"https:\/\/natrue.org\/media-hub\/international-natural-cosmetics-week\/natural-cosmetics-week-2025\/"},"modified":"2025-11-20T18:42:41","modified_gmt":"2025-11-20T17:42:41","slug":"natural-cosmetics-week-2025","status":"publish","type":"page","link":"https:\/\/natrue.org\/fr\/media-hub\/international-natural-cosmetics-week\/natural-cosmetics-week-2025\/","title":{"rendered":"Semaine de la Cosm\u00e9tique Naturelle 2025 : Soin Naturel, Impact R\u00e9el"},"content":{"rendered":"","protected":false},"excerpt":{"rendered":"","protected":false},"author":2,"featured_media":32460,"parent":19739,"menu_order":0,"comment_status":"closed","ping_status":"closed","template":"","meta":{"_acf_changed":false,"inline_featured_image":false,"footnotes":""},"class_list":["post-32537","page","type-page","status-publish","has-post-thumbnail","hentry"],"acf":[],"yoast_head":"<!-- This site is optimized with the Yoast SEO plugin v21.9.1 - https:\/\/yoast.com\/wordpress\/plugins\/seo\/ -->\n<title>Semaine de la Cosm\u00e9tique Naturelle 2025 : Soin Naturel, Impact R\u00e9el | NATRUE<\/title>\n<meta name=\"description\" content=\"Du 17 au 23 novembre 2025, participez \u00e0 la Semaine de la Cosm\u00e9tique Naturelle. D\u00e9couvrez les bienfaits de la cosm\u00e9tique naturelle et bio avec le th\u00e8me Soin Naturel, Impact R\u00e9el.\" \/>\n<meta name=\"robots\" content=\"index, follow, max-snippet:-1, max-image-preview:large, max-video-preview:-1\" \/>\n<link rel=\"canonical\" href=\"https:\/\/natrue.org\/fr\/media-hub\/international-natural-cosmetics-week\/natural-cosmetics-week-2025\/\" \/>\n<meta property=\"og:locale\" content=\"fr_FR\" \/>\n<meta property=\"og:type\" content=\"article\" \/>\n<meta property=\"og:title\" content=\"Semaine de la Cosm\u00e9tique Naturelle 2025 : Soin Naturel, Impact R\u00e9el | NATRUE\" \/>\n<meta property=\"og:description\" content=\"Du 17 au 23 novembre 2025, participez \u00e0 la Semaine de la Cosm\u00e9tique Naturelle. D\u00e9couvrez les bienfaits de la cosm\u00e9tique naturelle et bio avec le th\u00e8me Soin Naturel, Impact R\u00e9el.\" \/>\n<meta property=\"og:url\" content=\"https:\/\/natrue.org\/fr\/media-hub\/international-natural-cosmetics-week\/natural-cosmetics-week-2025\/\" \/>\n<meta property=\"og:site_name\" content=\"NATRUE\" \/>\n<meta property=\"article:modified_time\" content=\"2025-11-20T17:42:41+00:00\" \/>\n<meta property=\"og:image\" content=\"https:\/\/natrue.org\/uploads\/2025\/09\/NCW25-banner-web-768x432-1.png\" \/>\n\t<meta property=\"og:image:width\" content=\"768\" \/>\n\t<meta property=\"og:image:height\" content=\"432\" \/>\n\t<meta property=\"og:image:type\" content=\"image\/png\" \/>\n<meta name=\"twitter:card\" content=\"summary_large_image\" \/>\n<meta name=\"twitter:label1\" content=\"Est. reading time\" \/>\n\t<meta name=\"twitter:data1\" content=\"1 minute\" \/>\n<script type=\"application\/ld+json\" class=\"yoast-schema-graph\">{\"@context\":\"https:\/\/schema.org\",\"@graph\":[{\"@type\":\"WebPage\",\"@id\":\"https:\/\/natrue.org\/fr\/media-hub\/international-natural-cosmetics-week\/natural-cosmetics-week-2025\/\",\"url\":\"https:\/\/natrue.org\/fr\/media-hub\/international-natural-cosmetics-week\/natural-cosmetics-week-2025\/\",\"name\":\"Semaine de la Cosm\u00e9tique Naturelle 2025 : Soin Naturel, Impact R\u00e9el | NATRUE\",\"isPartOf\":{\"@id\":\"https:\/\/natrue.org\/fr\/#website\"},\"datePublished\":\"2025-09-25T09:20:29+00:00\",\"dateModified\":\"2025-11-20T17:42:41+00:00\",\"description\":\"Du 17 au 23 novembre 2025, participez \u00e0 la Semaine de la Cosm\u00e9tique Naturelle. D\u00e9couvrez les bienfaits de la cosm\u00e9tique naturelle et bio avec le th\u00e8me Soin Naturel, Impact R\u00e9el.\",\"breadcrumb\":{\"@id\":\"https:\/\/natrue.org\/fr\/media-hub\/international-natural-cosmetics-week\/natural-cosmetics-week-2025\/#breadcrumb\"},\"inLanguage\":\"fr-FR\",\"potentialAction\":[{\"@type\":\"ReadAction\",\"target\":[\"https:\/\/natrue.org\/fr\/media-hub\/international-natural-cosmetics-week\/natural-cosmetics-week-2025\/\"]}]},{\"@type\":\"BreadcrumbList\",\"@id\":\"https:\/\/natrue.org\/fr\/media-hub\/international-natural-cosmetics-week\/natural-cosmetics-week-2025\/#breadcrumb\",\"itemListElement\":[{\"@type\":\"ListItem\",\"position\":1,\"name\":\"Home\",\"item\":\"https:\/\/natrue.org\/fr\/\"},{\"@type\":\"ListItem\",\"position\":2,\"name\":\"Media Hub\",\"item\":\"https:\/\/natrue.org\/fr\/media-hub\/\"},{\"@type\":\"ListItem\",\"position\":3,\"name\":\"Semaine Internationale des Cosm\u00e9tiques Naturels\",\"item\":\"https:\/\/natrue.org\/fr\/media-hub\/international-natural-cosmetics-week\/\"},{\"@type\":\"ListItem\",\"position\":4,\"name\":\"Semaine de la Cosm\u00e9tique Naturelle 2025 : Soin Naturel, Impact R\u00e9el\"}]},{\"@type\":\"WebSite\",\"@id\":\"https:\/\/natrue.org\/fr\/#website\",\"url\":\"https:\/\/natrue.org\/fr\/\",\"name\":\"NATRUE\",\"description\":\"Natural and Organic Cosmetics\",\"potentialAction\":[{\"@type\":\"SearchAction\",\"target\":{\"@type\":\"EntryPoint\",\"urlTemplate\":\"https:\/\/natrue.org\/fr\/?s={search_term_string}\"},\"query-input\":\"required name=search_term_string\"}],\"inLanguage\":\"fr-FR\"}]}<\/script>\n<!-- \/ Yoast SEO plugin. -->","yoast_head_json":{"title":"Semaine de la Cosm\u00e9tique Naturelle 2025 : Soin Naturel, Impact R\u00e9el | NATRUE","description":"Du 17 au 23 novembre 2025, participez \u00e0 la Semaine de la Cosm\u00e9tique Naturelle. D\u00e9couvrez les bienfaits de la cosm\u00e9tique naturelle et bio avec le th\u00e8me Soin Naturel, Impact R\u00e9el.","robots":{"index":"index","follow":"follow","max-snippet":"max-snippet:-1","max-image-preview":"max-image-preview:large","max-video-preview":"max-video-preview:-1"},"canonical":"https:\/\/natrue.org\/fr\/media-hub\/international-natural-cosmetics-week\/natural-cosmetics-week-2025\/","og_locale":"fr_FR","og_type":"article","og_title":"Semaine de la Cosm\u00e9tique Naturelle 2025 : Soin Naturel, Impact R\u00e9el | NATRUE","og_description":"Du 17 au 23 novembre 2025, participez \u00e0 la Semaine de la Cosm\u00e9tique Naturelle. D\u00e9couvrez les bienfaits de la cosm\u00e9tique naturelle et bio avec le th\u00e8me Soin Naturel, Impact R\u00e9el.","og_url":"https:\/\/natrue.org\/fr\/media-hub\/international-natural-cosmetics-week\/natural-cosmetics-week-2025\/","og_site_name":"NATRUE","article_modified_time":"2025-11-20T17:42:41+00:00","og_image":[{"width":768,"height":432,"url":"https:\/\/natrue.org\/uploads\/2025\/09\/NCW25-banner-web-768x432-1.png","type":"image\/png"}],"twitter_card":"summary_large_image","twitter_misc":{"Est. reading time":"1 minute"},"schema":{"@context":"https:\/\/schema.org","@graph":[{"@type":"WebPage","@id":"https:\/\/natrue.org\/fr\/media-hub\/international-natural-cosmetics-week\/natural-cosmetics-week-2025\/","url":"https:\/\/natrue.org\/fr\/media-hub\/international-natural-cosmetics-week\/natural-cosmetics-week-2025\/","name":"Semaine de la Cosm\u00e9tique Naturelle 2025 : Soin Naturel, Impact R\u00e9el | NATRUE","isPartOf":{"@id":"https:\/\/natrue.org\/fr\/#website"},"datePublished":"2025-09-25T09:20:29+00:00","dateModified":"2025-11-20T17:42:41+00:00","description":"Du 17 au 23 novembre 2025, participez \u00e0 la Semaine de la Cosm\u00e9tique Naturelle. D\u00e9couvrez les bienfaits de la cosm\u00e9tique naturelle et bio avec le th\u00e8me Soin Naturel, Impact R\u00e9el.","breadcrumb":{"@id":"https:\/\/natrue.org\/fr\/media-hub\/international-natural-cosmetics-week\/natural-cosmetics-week-2025\/#breadcrumb"},"inLanguage":"fr-FR","potentialAction":[{"@type":"ReadAction","target":["https:\/\/natrue.org\/fr\/media-hub\/international-natural-cosmetics-week\/natural-cosmetics-week-2025\/"]}]},{"@type":"BreadcrumbList","@id":"https:\/\/natrue.org\/fr\/media-hub\/international-natural-cosmetics-week\/natural-cosmetics-week-2025\/#breadcrumb","itemListElement":[{"@type":"ListItem","position":1,"name":"Home","item":"https:\/\/natrue.org\/fr\/"},{"@type":"ListItem","position":2,"name":"Media Hub","item":"https:\/\/natrue.org\/fr\/media-hub\/"},{"@type":"ListItem","position":3,"name":"Semaine Internationale des Cosm\u00e9tiques Naturels","item":"https:\/\/natrue.org\/fr\/media-hub\/international-natural-cosmetics-week\/"},{"@type":"ListItem","position":4,"name":"Semaine de la Cosm\u00e9tique Naturelle 2025 : Soin Naturel, Impact R\u00e9el"}]},{"@type":"WebSite","@id":"https:\/\/natrue.org\/fr\/#website","url":"https:\/\/natrue.org\/fr\/","name":"NATRUE","description":"Natural and Organic Cosmetics","potentialAction":[{"@type":"SearchAction","target":{"@type":"EntryPoint","urlTemplate":"https:\/\/natrue.org\/fr\/?s={search_term_string}"},"query-input":"required name=search_term_string"}],"inLanguage":"fr-FR"}]}},"_links":{"self":[{"href":"https:\/\/natrue.org\/fr\/wp-json\/wp\/v2\/pages\/32537","targetHints":{"allow":["GET"]}}],"collection":[{"href":"https:\/\/natrue.org\/fr\/wp-json\/wp\/v2\/pages"}],"about":[{"href":"https:\/\/natrue.org\/fr\/wp-json\/wp\/v2\/types\/page"}],"author":[{"embeddable":true,"href":"https:\/\/natrue.org\/fr\/wp-json\/wp\/v2\/users\/2"}],"replies":[{"embeddable":true,"href":"https:\/\/natrue.org\/fr\/wp-json\/wp\/v2\/comments?post=32537"}],"version-history":[{"count":3,"href":"https:\/\/natrue.org\/fr\/wp-json\/wp\/v2\/pages\/32537\/revisions"}],"predecessor-version":[{"id":33881,"href":"https:\/\/natrue.org\/fr\/wp-json\/wp\/v2\/pages\/32537\/revisions\/33881"}],"up":[{"embeddable":true,"href":"https:\/\/natrue.org\/fr\/wp-json\/wp\/v2\/pages\/19739"}],"wp:featuredmedia":[{"embeddable":true,"href":"https:\/\/natrue.org\/fr\/wp-json\/wp\/v2\/media\/32460"}],"wp:attachment":[{"href":"https:\/\/natrue.org\/fr\/wp-json\/wp\/v2\/media?parent=32537"}],"curies":[{"name":"wp","href":"https:\/\/api.w.org\/{rel}","templated":true}]}}