{"id":35194,"date":"2026-03-20T15:49:21","date_gmt":"2026-03-20T14:49:21","guid":{"rendered":"https:\/\/natrue.org\/events\/"},"modified":"2026-03-24T12:01:36","modified_gmt":"2026-03-24T11:01:36","slug":"events","status":"publish","type":"page","link":"https:\/\/natrue.org\/fr\/events\/","title":{"rendered":"\u00c9v\u00e9nements"},"content":{"rendered":"<p style=\"text-align: justify;\">D\u00e9couvrez nos principales initiatives et \u00e9v\u00e9nements d\u00e9di\u00e9s \u00e0 la cosm\u00e9tique naturelle et biologique. \u00c0 travers la <strong>Natural Cosmetics Week (NCW)<\/strong> et le <strong>Natural Cosmetics Industry Forum (NCIF)<\/strong>, NATRUE r\u00e9unit marques, experts, consommateurs, m\u00e9dias et l\u2019ensemble des acteurs du secteur afin de sensibiliser, partager des connaissances et faire avancer la beaut\u00e9 durable. Parcourez chaque \u00e9v\u00e9nement pour en savoir plus et y prendre part.<\/p>\n","protected":false},"excerpt":{"rendered":"<p>D\u00e9couvrez nos principales initiatives et \u00e9v\u00e9nements d\u00e9di\u00e9s \u00e0 la cosm\u00e9tique naturelle et biologique. \u00c0 travers la Natural Cosmetics Week (NCW) et le Natural Cosmetics Industry Forum (NCIF), NATRUE r\u00e9unit marques, experts, consommateurs, m\u00e9dias et l\u2019ensemble des acteurs du secteur afin de sensibiliser, partager des connaissances et faire avancer la beaut\u00e9 durable. Parcourez chaque \u00e9v\u00e9nement pour en savoir plus et y prendre part.<\/p>\n","protected":false},"author":2,"featured_media":34835,"parent":0,"menu_order":0,"comment_status":"closed","ping_status":"closed","template":"controllers\/template-parent.php","meta":{"_acf_changed":false,"inline_featured_image":false,"footnotes":""},"class_list":["post-35194","page","type-page","status-publish","has-post-thumbnail","hentry"],"acf":[],"yoast_head":"<!-- This site is optimized with the Yoast SEO plugin v21.9.1 - https:\/\/yoast.com\/wordpress\/plugins\/seo\/ -->\n<title>\u00c9v\u00e9nements | NATRUE<\/title>\n<meta name=\"description\" content=\"Explore NATRUE\u2019s natural cosmetics events, including Natural Cosmetics Week (NCW) and the Natural Cosmetics Industry Forum (NCIF). Open to brands, consumers, media, and all stakeholders shaping sustainable beauty.\" \/>\n<meta name=\"robots\" content=\"index, follow, max-snippet:-1, max-image-preview:large, max-video-preview:-1\" \/>\n<link rel=\"canonical\" href=\"https:\/\/natrue.org\/fr\/events\/\" \/>\n<meta property=\"og:locale\" content=\"fr_FR\" \/>\n<meta property=\"og:type\" content=\"article\" \/>\n<meta property=\"og:title\" content=\"\u00c9v\u00e9nements | NATRUE\" \/>\n<meta property=\"og:description\" content=\"Explore NATRUE\u2019s natural cosmetics events, including Natural Cosmetics Week (NCW) and the Natural Cosmetics Industry Forum (NCIF). Open to brands, consumers, media, and all stakeholders shaping sustainable beauty.\" \/>\n<meta property=\"og:url\" content=\"https:\/\/natrue.org\/fr\/events\/\" \/>\n<meta property=\"og:site_name\" content=\"NATRUE\" \/>\n<meta property=\"article:modified_time\" content=\"2026-03-24T11:01:36+00:00\" \/>\n<meta property=\"og:image\" content=\"https:\/\/natrue.org\/uploads\/2026\/03\/pexels-kpaukshtite-1591142-683x1024.jpg\" \/>\n\t<meta property=\"og:image:width\" content=\"683\" \/>\n\t<meta property=\"og:image:height\" content=\"1024\" \/>\n\t<meta property=\"og:image:type\" content=\"image\/jpeg\" \/>\n<meta name=\"twitter:card\" content=\"summary_large_image\" \/>\n<meta name=\"twitter:label1\" content=\"Est. reading time\" \/>\n\t<meta name=\"twitter:data1\" content=\"1 minute\" \/>\n<script type=\"application\/ld+json\" class=\"yoast-schema-graph\">{\"@context\":\"https:\/\/schema.org\",\"@graph\":[{\"@type\":\"WebPage\",\"@id\":\"https:\/\/natrue.org\/fr\/events\/\",\"url\":\"https:\/\/natrue.org\/fr\/events\/\",\"name\":\"\u00c9v\u00e9nements | NATRUE\",\"isPartOf\":{\"@id\":\"https:\/\/natrue.org\/fr\/#website\"},\"datePublished\":\"2026-03-20T14:49:21+00:00\",\"dateModified\":\"2026-03-24T11:01:36+00:00\",\"description\":\"Explore NATRUE\u2019s natural cosmetics events, including Natural Cosmetics Week (NCW) and the Natural Cosmetics Industry Forum (NCIF). Open to brands, consumers, media, and all stakeholders shaping sustainable beauty.\",\"breadcrumb\":{\"@id\":\"https:\/\/natrue.org\/fr\/events\/#breadcrumb\"},\"inLanguage\":\"fr-FR\",\"potentialAction\":[{\"@type\":\"ReadAction\",\"target\":[\"https:\/\/natrue.org\/fr\/events\/\"]}]},{\"@type\":\"BreadcrumbList\",\"@id\":\"https:\/\/natrue.org\/fr\/events\/#breadcrumb\",\"itemListElement\":[{\"@type\":\"ListItem\",\"position\":1,\"name\":\"Home\",\"item\":\"https:\/\/natrue.org\/fr\/\"},{\"@type\":\"ListItem\",\"position\":2,\"name\":\"\u00c9v\u00e9nements\"}]},{\"@type\":\"WebSite\",\"@id\":\"https:\/\/natrue.org\/fr\/#website\",\"url\":\"https:\/\/natrue.org\/fr\/\",\"name\":\"NATRUE\",\"description\":\"Natural and Organic Cosmetics\",\"potentialAction\":[{\"@type\":\"SearchAction\",\"target\":{\"@type\":\"EntryPoint\",\"urlTemplate\":\"https:\/\/natrue.org\/fr\/?s={search_term_string}\"},\"query-input\":\"required name=search_term_string\"}],\"inLanguage\":\"fr-FR\"}]}<\/script>\n<!-- \/ Yoast SEO plugin. -->","yoast_head_json":{"title":"\u00c9v\u00e9nements | NATRUE","description":"Explore NATRUE\u2019s natural cosmetics events, including Natural Cosmetics Week (NCW) and the Natural Cosmetics Industry Forum (NCIF). Open to brands, consumers, media, and all stakeholders shaping sustainable beauty.","robots":{"index":"index","follow":"follow","max-snippet":"max-snippet:-1","max-image-preview":"max-image-preview:large","max-video-preview":"max-video-preview:-1"},"canonical":"https:\/\/natrue.org\/fr\/events\/","og_locale":"fr_FR","og_type":"article","og_title":"\u00c9v\u00e9nements | NATRUE","og_description":"Explore NATRUE\u2019s natural cosmetics events, including Natural Cosmetics Week (NCW) and the Natural Cosmetics Industry Forum (NCIF). Open to brands, consumers, media, and all stakeholders shaping sustainable beauty.","og_url":"https:\/\/natrue.org\/fr\/events\/","og_site_name":"NATRUE","article_modified_time":"2026-03-24T11:01:36+00:00","og_image":[{"width":683,"height":1024,"url":"https:\/\/natrue.org\/uploads\/2026\/03\/pexels-kpaukshtite-1591142-683x1024.jpg","type":"image\/jpeg"}],"twitter_card":"summary_large_image","twitter_misc":{"Est. reading time":"1 minute"},"schema":{"@context":"https:\/\/schema.org","@graph":[{"@type":"WebPage","@id":"https:\/\/natrue.org\/fr\/events\/","url":"https:\/\/natrue.org\/fr\/events\/","name":"\u00c9v\u00e9nements | NATRUE","isPartOf":{"@id":"https:\/\/natrue.org\/fr\/#website"},"datePublished":"2026-03-20T14:49:21+00:00","dateModified":"2026-03-24T11:01:36+00:00","description":"Explore NATRUE\u2019s natural cosmetics events, including Natural Cosmetics Week (NCW) and the Natural Cosmetics Industry Forum (NCIF). Open to brands, consumers, media, and all stakeholders shaping sustainable beauty.","breadcrumb":{"@id":"https:\/\/natrue.org\/fr\/events\/#breadcrumb"},"inLanguage":"fr-FR","potentialAction":[{"@type":"ReadAction","target":["https:\/\/natrue.org\/fr\/events\/"]}]},{"@type":"BreadcrumbList","@id":"https:\/\/natrue.org\/fr\/events\/#breadcrumb","itemListElement":[{"@type":"ListItem","position":1,"name":"Home","item":"https:\/\/natrue.org\/fr\/"},{"@type":"ListItem","position":2,"name":"\u00c9v\u00e9nements"}]},{"@type":"WebSite","@id":"https:\/\/natrue.org\/fr\/#website","url":"https:\/\/natrue.org\/fr\/","name":"NATRUE","description":"Natural and Organic Cosmetics","potentialAction":[{"@type":"SearchAction","target":{"@type":"EntryPoint","urlTemplate":"https:\/\/natrue.org\/fr\/?s={search_term_string}"},"query-input":"required name=search_term_string"}],"inLanguage":"fr-FR"}]}},"_links":{"self":[{"href":"https:\/\/natrue.org\/fr\/wp-json\/wp\/v2\/pages\/35194","targetHints":{"allow":["GET"]}}],"collection":[{"href":"https:\/\/natrue.org\/fr\/wp-json\/wp\/v2\/pages"}],"about":[{"href":"https:\/\/natrue.org\/fr\/wp-json\/wp\/v2\/types\/page"}],"author":[{"embeddable":true,"href":"https:\/\/natrue.org\/fr\/wp-json\/wp\/v2\/users\/2"}],"replies":[{"embeddable":true,"href":"https:\/\/natrue.org\/fr\/wp-json\/wp\/v2\/comments?post=35194"}],"version-history":[{"count":2,"href":"https:\/\/natrue.org\/fr\/wp-json\/wp\/v2\/pages\/35194\/revisions"}],"predecessor-version":[{"id":35211,"href":"https:\/\/natrue.org\/fr\/wp-json\/wp\/v2\/pages\/35194\/revisions\/35211"}],"wp:featuredmedia":[{"embeddable":true,"href":"https:\/\/natrue.org\/fr\/wp-json\/wp\/v2\/media\/34835"}],"wp:attachment":[{"href":"https:\/\/natrue.org\/fr\/wp-json\/wp\/v2\/media?parent=35194"}],"curies":[{"name":"wp","href":"https:\/\/api.w.org\/{rel}","templated":true}]}}